{"id":76,"date":"2019-02-21T14:34:06","date_gmt":"2019-02-21T17:34:06","guid":{"rendered":"https:\/\/www.shefarol.com.br\/wordpress\/avancado\/?page_id=76"},"modified":"2019-03-14T02:40:19","modified_gmt":"2019-03-14T05:40:19","slug":"sobre","status":"publish","type":"page","link":"https:\/\/www.shefarol.com.br\/wordpress\/avancado\/sobre\/","title":{"rendered":"Sobre"},"content":{"rendered":"\n<div class=\"wp-block-image\"><figure class=\"aligncenter\"><img loading=\"lazy\" decoding=\"async\" width=\"198\" height=\"198\" src=\"https:\/\/www.shefarol.com.br\/wordpress\/avancado\/wp-content\/uploads\/2019\/02\/wordpress.png\" alt=\"\" class=\"wp-image-28\" srcset=\"https:\/\/www.shefarol.com.br\/wordpress\/avancado\/wp-content\/uploads\/2019\/02\/wordpress.png 198w, https:\/\/www.shefarol.com.br\/wordpress\/avancado\/wp-content\/uploads\/2019\/02\/wordpress-150x150.png 150w\" sizes=\"auto, (max-width: 198px) 100vw, 198px\" \/><\/figure><\/div>\n\n\n\n<p>O objetivo deste site \u00e9 mostrar os recursos avan\u00e7ados do WordPress, criando um tema personalizado a partir do zero.<\/p>\n\n\n\n<p>Desenvolva solu\u00e7\u00f5es personalizadas, utilizando recursos avan\u00e7ados do WordPress, para atender \u00e0s necessidades espec\u00edficas de cada projeto, com a finalidade de facilitar a publica\u00e7\u00e3o e gerenciamento de conte\u00fado, considerando tamb\u00e9m as boas pr\u00e1ticas de desenvolvimento e padr\u00f5es web.<\/p>\n","protected":false},"excerpt":{"rendered":"<p>O objetivo deste site \u00e9 mostrar os recursos avan\u00e7ados do WordPress, criando um tema personalizado a partir do zero. Desenvolva solu\u00e7\u00f5es personalizadas, utilizando recursos avan\u00e7ados do WordPress, para atender \u00e0s necessidades espec\u00edficas de cada projeto, com a finalidade de facilitar a publica\u00e7\u00e3o e gerenciamento de conte\u00fado, considerando tamb\u00e9m as boas pr\u00e1ticas de desenvolvimento e padr\u00f5es [&hellip;]<\/p>\n","protected":false},"author":1,"featured_media":0,"parent":0,"menu_order":1,"comment_status":"closed","ping_status":"closed","template":"largura-total.php","meta":{"footnotes":""},"class_list":["post-76","page","type-page","status-publish","hentry"],"_links":{"self":[{"href":"https:\/\/www.shefarol.com.br\/wordpress\/avancado\/wp-json\/wp\/v2\/pages\/76","targetHints":{"allow":["GET"]}}],"collection":[{"href":"https:\/\/www.shefarol.com.br\/wordpress\/avancado\/wp-json\/wp\/v2\/pages"}],"about":[{"href":"https:\/\/www.shefarol.com.br\/wordpress\/avancado\/wp-json\/wp\/v2\/types\/page"}],"author":[{"embeddable":true,"href":"https:\/\/www.shefarol.com.br\/wordpress\/avancado\/wp-json\/wp\/v2\/users\/1"}],"replies":[{"embeddable":true,"href":"https:\/\/www.shefarol.com.br\/wordpress\/avancado\/wp-json\/wp\/v2\/comments?post=76"}],"version-history":[{"count":8,"href":"https:\/\/www.shefarol.com.br\/wordpress\/avancado\/wp-json\/wp\/v2\/pages\/76\/revisions"}],"predecessor-version":[{"id":124,"href":"https:\/\/www.shefarol.com.br\/wordpress\/avancado\/wp-json\/wp\/v2\/pages\/76\/revisions\/124"}],"wp:attachment":[{"href":"https:\/\/www.shefarol.com.br\/wordpress\/avancado\/wp-json\/wp\/v2\/media?parent=76"}],"curies":[{"name":"wp","href":"https:\/\/api.w.org\/{rel}","templated":true}]}}