{"id":160,"date":"2019-02-19T20:52:38","date_gmt":"2019-02-19T23:52:38","guid":{"rendered":"https:\/\/www.shefarol.com.br\/wordpress\/basico\/?page_id=160"},"modified":"2022-03-25T17:30:52","modified_gmt":"2022-03-25T20:30:52","slug":"contato","status":"publish","type":"page","link":"https:\/\/www.shefarol.com.br\/wordpress\/basico\/contato\/","title":{"rendered":"Contato"},"content":{"rendered":"<h3 style=\"text-align: center;\">Este \u00e9 nosso canal de comunica\u00e7\u00e3o, logo retornaremos o contato<\/h3>\n<div class=\"formcontato\">\n<p style=\"text-align: center;\">\n<div class=\"wpcf7 no-js\" id=\"wpcf7-f163-o1\" lang=\"pt-BR\" dir=\"ltr\" data-wpcf7-id=\"163\">\n<div class=\"screen-reader-response\"><p role=\"status\" aria-live=\"polite\" aria-atomic=\"true\"><\/p> <ul><\/ul><\/div>\n<form action=\"\/wordpress\/basico\/wp-json\/wp\/v2\/pages\/160#wpcf7-f163-o1\" method=\"post\" class=\"wpcf7-form init cf7-style christmas-classic\" aria-label=\"Formul\u00e1rios de contato\" novalidate=\"novalidate\" data-status=\"init\">\n<fieldset class=\"hidden-fields-container\"><input type=\"hidden\" name=\"_wpcf7\" value=\"163\" \/><input type=\"hidden\" name=\"_wpcf7_version\" value=\"6.1.5\" \/><input type=\"hidden\" name=\"_wpcf7_locale\" value=\"pt_BR\" \/><input type=\"hidden\" name=\"_wpcf7_unit_tag\" value=\"wpcf7-f163-o1\" \/><input type=\"hidden\" name=\"_wpcf7_container_post\" value=\"0\" \/><input type=\"hidden\" name=\"_wpcf7_posted_data_hash\" value=\"\" \/>\n<\/fieldset>\n<p><label> Seu nome (obrigat\u00f3rio)<br \/>\n<span class=\"wpcf7-form-control-wrap\" data-name=\"your-name\"><input size=\"40\" maxlength=\"400\" class=\"wpcf7-form-control wpcf7-text wpcf7-validates-as-required\" aria-required=\"true\" aria-invalid=\"false\" value=\"\" type=\"text\" name=\"your-name\" \/><\/span> <\/label>\n<\/p>\n<p><label> Seu e-mail (obrigat\u00f3rio)<br \/>\n<span class=\"wpcf7-form-control-wrap\" data-name=\"your-email\"><input size=\"40\" maxlength=\"400\" class=\"wpcf7-form-control wpcf7-email wpcf7-validates-as-required wpcf7-text wpcf7-validates-as-email\" aria-required=\"true\" aria-invalid=\"false\" value=\"\" type=\"email\" name=\"your-email\" \/><\/span> <\/label>\n<\/p>\n<p><label> Fone (obrigat\u00f3rio)<br \/>\n<span class=\"wpcf7-form-control-wrap\" data-name=\"tel-775\"><input size=\"40\" maxlength=\"400\" class=\"wpcf7-form-control wpcf7-tel wpcf7-validates-as-required wpcf7-text wpcf7-validates-as-tel phone\" aria-required=\"true\" aria-invalid=\"false\" value=\"\" type=\"tel\" name=\"tel-775\" \/><\/span> <\/label>\n<\/p>\n<p><label> Assunto (obrigat\u00f3rio)<br \/>\n<span class=\"wpcf7-form-control-wrap\" data-name=\"your-subject\"><input size=\"40\" maxlength=\"400\" class=\"wpcf7-form-control wpcf7-text wpcf7-validates-as-required\" aria-required=\"true\" aria-invalid=\"false\" value=\"\" type=\"text\" name=\"your-subject\" \/><\/span> <\/label>\n<\/p>\n<p><label> Sua mensagem (obrigat\u00f3rio)<br \/>\n<span class=\"wpcf7-form-control-wrap\" data-name=\"your-message\"><textarea cols=\"40\" rows=\"10\" maxlength=\"2000\" class=\"wpcf7-form-control wpcf7-textarea wpcf7-validates-as-required\" aria-required=\"true\" aria-invalid=\"false\" name=\"your-message\"><\/textarea><\/span> <\/label>\n<\/p>\n<p><input class=\"wpcf7-form-control wpcf7-submit has-spinner\" type=\"submit\" value=\"Enviar\" \/>\n<\/p><div class=\"wpcf7-response-output\" aria-hidden=\"true\"><\/div>\n<\/form>\n<\/div>\n<\/p>\n<\/div>\n\n<div class=\"redes-sociais\"><div class=\"sfsi_widget sfsi_shortcode_container\"><div class=\"norm_row sfsi_wDiv \"  style=\"width:225px;text-align:left;\"><div style='width:40px; height:40px;margin-left:5px;margin-bottom:5px; ' class='sfsi_wicons shuffeldiv ' ><div class='inerCnt'><a class=' sficn' data-effect='fade_in' target='_blank'  href='https:\/\/www.facebook.com\/' id='sfsiid_facebook_icon' style='width:40px;height:40px;opacity:0.6;'  ><img data-pin-nopin='true' alt='Facebook' title='Facebook' src='https:\/\/www.shefarol.com.br\/wordpress\/basico\/wp-content\/plugins\/ultimate-social-media-icons\/images\/icons_theme\/default\/default_facebook.png' width='40' height='40' style='' class='sfcm sfsi_wicon ' data-effect='fade_in'   \/><\/a><div class=\"sfsi_tool_tip_2 fb_tool_bdr sfsiTlleft\" style=\"opacity:0;z-index:-1;\" id=\"sfsiid_facebook\"><span class=\"bot_arow bot_fb_arow\"><\/span><div class=\"sfsi_inside\"><div  class='icon1'><a href='https:\/\/www.facebook.com\/' target='_blank'><img data-pin-nopin='true' class='sfsi_wicon' alt='Facebook' title='Facebook' src='https:\/\/www.shefarol.com.br\/wordpress\/basico\/wp-content\/plugins\/ultimate-social-media-icons\/images\/visit_icons\/Visit_us_fb\/icon_Visit_us_en_US.png' \/><\/a><\/div><div  class='icon2'><div class=\"fb-like\" width=\"200\" data-href=\"https:\/\/www.shefarol.com.br\/wordpress\/basico\/contato\/\"  data-send=\"false\" data-layout=\"button_count\" data-action=\"like\"><\/div><\/div><div  class='icon3'><a target='_blank' href='https:\/\/www.facebook.com\/sharer\/sharer.php?u=https%3A%2F%2Fwww.shefarol.com.br%2Fwordpress%2Fbasico%2Fwp-json%2Fwp%2Fv2%2Fpages%2F160' style='display:inline-block;'  > <img class='sfsi_wicon'  data-pin-nopin='true' alt='fb-share-icon' title='Facebook Share' src='https:\/\/www.shefarol.com.br\/wordpress\/basico\/wp-content\/plugins\/ultimate-social-media-icons\/images\/share_icons\/fb_icons\/en_US.svg' \/><\/a><\/div><\/div><\/div><\/div><\/div><div style='width:40px; height:40px;margin-left:5px;margin-bottom:5px; ' class='sfsi_wicons shuffeldiv ' ><div class='inerCnt'><a class=' sficn' data-effect='fade_in' target='_blank'  href='https:\/\/twitter.com\/' id='sfsiid_twitter_icon' style='width:40px;height:40px;opacity:0.6;'  ><img data-pin-nopin='true' alt='Twitter' title='Twitter' src='https:\/\/www.shefarol.com.br\/wordpress\/basico\/wp-content\/plugins\/ultimate-social-media-icons\/images\/icons_theme\/default\/default_twitter.png' width='40' height='40' style='' class='sfcm sfsi_wicon ' data-effect='fade_in'   \/><\/a><div class=\"sfsi_tool_tip_2 twt_tool_bdr sfsiTlleft\" style=\"opacity:0;z-index:-1;\" id=\"sfsiid_twitter\"><span class=\"bot_arow bot_twt_arow\"><\/span><div class=\"sfsi_inside\"><div  class='cstmicon1'><a href='https:\/\/twitter.com\/' target='_blank'><img data-pin-nopin='true' class='sfsi_wicon' alt='Visit Us' title='Visit Us' src='https:\/\/www.shefarol.com.br\/wordpress\/basico\/wp-content\/plugins\/ultimate-social-media-icons\/images\/visit_icons\/Visit_us_twitter\/icon_Visit_us_en_US.png' \/><\/a><\/div><div  class='icon2'><div class='sf_twiter' style='display: inline-block;vertical-align: middle;width: auto;'>\r\n\t\t\t\t\t\t<a target='_blank' href='https:\/\/x.com\/intent\/post?text=Hey%2C+check+out+this+cool+site+I+found%3A+www.yourname.com+%23Topic+via%40my_twitter_name+https%3A%2F%2Fwww.shefarol.com.br%2Fwordpress%2Fbasico%2Fwp-json%2Fwp%2Fv2%2Fpages%2F160' style='display:inline-block' >\r\n\t\t\t\t\t\t\t<img data-pin-nopin= true class='sfsi_wicon' src='https:\/\/www.shefarol.com.br\/wordpress\/basico\/wp-content\/plugins\/ultimate-social-media-icons\/images\/share_icons\/Twitter_Tweet\/en_US_Tweet.svg' alt='Post on X' title='Post on X' >\r\n\t\t\t\t\t\t<\/a>\r\n\t\t\t\t\t<\/div><\/div><\/div><\/div><\/div><\/div><div style='width:40px; height:40px;margin-left:5px;margin-bottom:5px; ' class='sfsi_wicons shuffeldiv ' ><div class='inerCnt'><a class=' sficn' data-effect='fade_in' target='_blank'  href='https:\/\/www.youtube.com\/' id='sfsiid_youtube_icon' style='width:40px;height:40px;opacity:0.6;'  ><img data-pin-nopin='true' alt='YouTube' title='YouTube' src='https:\/\/www.shefarol.com.br\/wordpress\/basico\/wp-content\/plugins\/ultimate-social-media-icons\/images\/icons_theme\/default\/default_youtube.png' width='40' height='40' style='' class='sfcm sfsi_wicon ' data-effect='fade_in'   \/><\/a><\/div><\/div><div style='width:40px; height:40px;margin-left:5px;margin-bottom:5px; ' class='sfsi_wicons shuffeldiv ' ><div class='inerCnt'><a class=' sficn' data-effect='fade_in' target='_blank'  href='https:\/\/br.pinterest.com\/' id='sfsiid_pinterest_icon' style='width:40px;height:40px;opacity:0.6;'  ><img data-pin-nopin='true' alt='Pinterest' title='Pinterest' src='https:\/\/www.shefarol.com.br\/wordpress\/basico\/wp-content\/plugins\/ultimate-social-media-icons\/images\/icons_theme\/default\/default_pinterest.png' width='40' height='40' style='' class='sfcm sfsi_wicon ' data-effect='fade_in'   \/><\/a><\/div><\/div><div style='width:40px; height:40px;margin-left:5px;margin-bottom:5px; ' class='sfsi_wicons shuffeldiv ' ><div class='inerCnt'><a class=' sficn' data-effect='fade_in' target='_blank'  href='https:\/\/www.instagram.com\/?hl=pt-br' id='sfsiid_instagram_icon' style='width:40px;height:40px;opacity:0.6;'  ><img data-pin-nopin='true' alt='Instagram' title='Instagram' src='https:\/\/www.shefarol.com.br\/wordpress\/basico\/wp-content\/plugins\/ultimate-social-media-icons\/images\/icons_theme\/default\/default_instagram.png' width='40' height='40' style='' class='sfcm sfsi_wicon ' data-effect='fade_in'   \/><\/a><\/div><\/div><\/div ><div id=\"sfsi_holder\" class=\"sfsi_holders\" style=\"position: relative; float: left;width:100%;z-index:-1;\"><\/div ><script>window.addEventListener(\"sfsi_functions_loaded\", function()\n\t\t\t{\n\t\t\t\tif (typeof sfsi_widget_set == \"function\") {\n\t\t\t\t\tsfsi_widget_set();\n\t\t\t\t}\n\t\t\t}); <\/script><div style=\"clear: both;\"><\/div><\/div><\/div>\n<p>&nbsp;<\/p>\n","protected":false},"excerpt":{"rendered":"<p>Este \u00e9 nosso canal de comunica\u00e7\u00e3o, logo retornaremos o contato<\/p>\n","protected":false},"author":1,"featured_media":0,"parent":0,"menu_order":0,"comment_status":"closed","ping_status":"closed","template":"page-templates\/page_fullwidth.php","meta":{"footnotes":""},"class_list":["post-160","page","type-page","status-publish","hentry"],"yoast_head":"<!-- This site is optimized with the Yoast SEO plugin v27.4 - https:\/\/yoast.com\/product\/yoast-seo-wordpress\/ -->\n<title>Contato - Restaurante Coma Bem<\/title>\n<meta name=\"description\" content=\"Entre em contato conosco enviando suas sugest\u00f5es, reclama\u00e7\u00f5es ou pedidos. Teremos prazer em atender. Estamos localizados em S\u00e3o Paulo.\" \/>\n<meta name=\"robots\" content=\"noindex, follow, max-snippet:-1, max-image-preview:large, max-video-preview:-1\" \/>\n<meta property=\"og:locale\" content=\"pt_BR\" \/>\n<meta property=\"og:type\" content=\"article\" \/>\n<meta property=\"og:title\" content=\"Contato - Restaurante Coma Bem\" \/>\n<meta property=\"og:description\" content=\"Entre em contato conosco enviando suas sugest\u00f5es, reclama\u00e7\u00f5es ou pedidos. Teremos prazer em atender. Estamos localizados em S\u00e3o Paulo.\" \/>\n<meta property=\"og:url\" content=\"https:\/\/www.shefarol.com.br\/wordpress\/basico\/contato\/\" \/>\n<meta property=\"og:site_name\" content=\"Restaurante Coma Bem\" \/>\n<meta property=\"article:modified_time\" content=\"2022-03-25T20:30:52+00:00\" \/>\n<meta name=\"twitter:card\" content=\"summary_large_image\" \/>\n<meta name=\"twitter:label1\" content=\"Est. tempo de leitura\" \/>\n\t<meta name=\"twitter:data1\" content=\"1 minuto\" \/>\n<script type=\"application\/ld+json\" class=\"yoast-schema-graph\">{\"@context\":\"https:\\\/\\\/schema.org\",\"@graph\":[{\"@type\":\"WebPage\",\"@id\":\"https:\\\/\\\/www.shefarol.com.br\\\/wordpress\\\/basico\\\/contato\\\/\",\"url\":\"https:\\\/\\\/www.shefarol.com.br\\\/wordpress\\\/basico\\\/contato\\\/\",\"name\":\"Contato - Restaurante Coma Bem\",\"isPartOf\":{\"@id\":\"https:\\\/\\\/www.shefarol.com.br\\\/wordpress\\\/basico\\\/#website\"},\"datePublished\":\"2019-02-19T23:52:38+00:00\",\"dateModified\":\"2022-03-25T20:30:52+00:00\",\"description\":\"Entre em contato conosco enviando suas sugest\u00f5es, reclama\u00e7\u00f5es ou pedidos. Teremos prazer em atender. Estamos localizados em S\u00e3o Paulo.\",\"breadcrumb\":{\"@id\":\"https:\\\/\\\/www.shefarol.com.br\\\/wordpress\\\/basico\\\/contato\\\/#breadcrumb\"},\"inLanguage\":\"pt-BR\",\"potentialAction\":[{\"@type\":\"ReadAction\",\"target\":[\"https:\\\/\\\/www.shefarol.com.br\\\/wordpress\\\/basico\\\/contato\\\/\"]}]},{\"@type\":\"BreadcrumbList\",\"@id\":\"https:\\\/\\\/www.shefarol.com.br\\\/wordpress\\\/basico\\\/contato\\\/#breadcrumb\",\"itemListElement\":[{\"@type\":\"ListItem\",\"position\":1,\"name\":\"In\u00edcio\",\"item\":\"https:\\\/\\\/www.shefarol.com.br\\\/wordpress\\\/basico\\\/\"},{\"@type\":\"ListItem\",\"position\":2,\"name\":\"Contato\"}]},{\"@type\":\"WebSite\",\"@id\":\"https:\\\/\\\/www.shefarol.com.br\\\/wordpress\\\/basico\\\/#website\",\"url\":\"https:\\\/\\\/www.shefarol.com.br\\\/wordpress\\\/basico\\\/\",\"name\":\"Restaurante Coma Bem\",\"description\":\"Site desenvolvido para fins educacionais no curso de T\u00e9cnico em Inform\u00e1tica\",\"publisher\":{\"@id\":\"https:\\\/\\\/www.shefarol.com.br\\\/wordpress\\\/basico\\\/#organization\"},\"potentialAction\":[{\"@type\":\"SearchAction\",\"target\":{\"@type\":\"EntryPoint\",\"urlTemplate\":\"https:\\\/\\\/www.shefarol.com.br\\\/wordpress\\\/basico\\\/?s={search_term_string}\"},\"query-input\":{\"@type\":\"PropertyValueSpecification\",\"valueRequired\":true,\"valueName\":\"search_term_string\"}}],\"inLanguage\":\"pt-BR\"},{\"@type\":\"Organization\",\"@id\":\"https:\\\/\\\/www.shefarol.com.br\\\/wordpress\\\/basico\\\/#organization\",\"name\":\"Restaurante Coma Bem - Projeto aula\",\"url\":\"https:\\\/\\\/www.shefarol.com.br\\\/wordpress\\\/basico\\\/\",\"logo\":{\"@type\":\"ImageObject\",\"inLanguage\":\"pt-BR\",\"@id\":\"https:\\\/\\\/www.shefarol.com.br\\\/wordpress\\\/basico\\\/#\\\/schema\\\/logo\\\/image\\\/\",\"url\":\"https:\\\/\\\/www.shefarol.com.br\\\/wordpress\\\/basico\\\/wp-content\\\/uploads\\\/2019\\\/02\\\/logo.png\",\"contentUrl\":\"https:\\\/\\\/www.shefarol.com.br\\\/wordpress\\\/basico\\\/wp-content\\\/uploads\\\/2019\\\/02\\\/logo.png\",\"width\":150,\"height\":150,\"caption\":\"Restaurante Coma Bem - Projeto aula\"},\"image\":{\"@id\":\"https:\\\/\\\/www.shefarol.com.br\\\/wordpress\\\/basico\\\/#\\\/schema\\\/logo\\\/image\\\/\"}}]}<\/script>\n<!-- \/ Yoast SEO plugin. -->","yoast_head_json":{"title":"Contato - Restaurante Coma Bem","description":"Entre em contato conosco enviando suas sugest\u00f5es, reclama\u00e7\u00f5es ou pedidos. Teremos prazer em atender. Estamos localizados em S\u00e3o Paulo.","robots":{"index":"noindex","follow":"follow","max-snippet":"max-snippet:-1","max-image-preview":"max-image-preview:large","max-video-preview":"max-video-preview:-1"},"og_locale":"pt_BR","og_type":"article","og_title":"Contato - Restaurante Coma Bem","og_description":"Entre em contato conosco enviando suas sugest\u00f5es, reclama\u00e7\u00f5es ou pedidos. Teremos prazer em atender. Estamos localizados em S\u00e3o Paulo.","og_url":"https:\/\/www.shefarol.com.br\/wordpress\/basico\/contato\/","og_site_name":"Restaurante Coma Bem","article_modified_time":"2022-03-25T20:30:52+00:00","twitter_card":"summary_large_image","twitter_misc":{"Est. tempo de leitura":"1 minuto"},"schema":{"@context":"https:\/\/schema.org","@graph":[{"@type":"WebPage","@id":"https:\/\/www.shefarol.com.br\/wordpress\/basico\/contato\/","url":"https:\/\/www.shefarol.com.br\/wordpress\/basico\/contato\/","name":"Contato - Restaurante Coma Bem","isPartOf":{"@id":"https:\/\/www.shefarol.com.br\/wordpress\/basico\/#website"},"datePublished":"2019-02-19T23:52:38+00:00","dateModified":"2022-03-25T20:30:52+00:00","description":"Entre em contato conosco enviando suas sugest\u00f5es, reclama\u00e7\u00f5es ou pedidos. Teremos prazer em atender. Estamos localizados em S\u00e3o Paulo.","breadcrumb":{"@id":"https:\/\/www.shefarol.com.br\/wordpress\/basico\/contato\/#breadcrumb"},"inLanguage":"pt-BR","potentialAction":[{"@type":"ReadAction","target":["https:\/\/www.shefarol.com.br\/wordpress\/basico\/contato\/"]}]},{"@type":"BreadcrumbList","@id":"https:\/\/www.shefarol.com.br\/wordpress\/basico\/contato\/#breadcrumb","itemListElement":[{"@type":"ListItem","position":1,"name":"In\u00edcio","item":"https:\/\/www.shefarol.com.br\/wordpress\/basico\/"},{"@type":"ListItem","position":2,"name":"Contato"}]},{"@type":"WebSite","@id":"https:\/\/www.shefarol.com.br\/wordpress\/basico\/#website","url":"https:\/\/www.shefarol.com.br\/wordpress\/basico\/","name":"Restaurante Coma Bem","description":"Site desenvolvido para fins educacionais no curso de T\u00e9cnico em Inform\u00e1tica","publisher":{"@id":"https:\/\/www.shefarol.com.br\/wordpress\/basico\/#organization"},"potentialAction":[{"@type":"SearchAction","target":{"@type":"EntryPoint","urlTemplate":"https:\/\/www.shefarol.com.br\/wordpress\/basico\/?s={search_term_string}"},"query-input":{"@type":"PropertyValueSpecification","valueRequired":true,"valueName":"search_term_string"}}],"inLanguage":"pt-BR"},{"@type":"Organization","@id":"https:\/\/www.shefarol.com.br\/wordpress\/basico\/#organization","name":"Restaurante Coma Bem - Projeto aula","url":"https:\/\/www.shefarol.com.br\/wordpress\/basico\/","logo":{"@type":"ImageObject","inLanguage":"pt-BR","@id":"https:\/\/www.shefarol.com.br\/wordpress\/basico\/#\/schema\/logo\/image\/","url":"https:\/\/www.shefarol.com.br\/wordpress\/basico\/wp-content\/uploads\/2019\/02\/logo.png","contentUrl":"https:\/\/www.shefarol.com.br\/wordpress\/basico\/wp-content\/uploads\/2019\/02\/logo.png","width":150,"height":150,"caption":"Restaurante Coma Bem - Projeto aula"},"image":{"@id":"https:\/\/www.shefarol.com.br\/wordpress\/basico\/#\/schema\/logo\/image\/"}}]}},"_links":{"self":[{"href":"https:\/\/www.shefarol.com.br\/wordpress\/basico\/wp-json\/wp\/v2\/pages\/160","targetHints":{"allow":["GET"]}}],"collection":[{"href":"https:\/\/www.shefarol.com.br\/wordpress\/basico\/wp-json\/wp\/v2\/pages"}],"about":[{"href":"https:\/\/www.shefarol.com.br\/wordpress\/basico\/wp-json\/wp\/v2\/types\/page"}],"author":[{"embeddable":true,"href":"https:\/\/www.shefarol.com.br\/wordpress\/basico\/wp-json\/wp\/v2\/users\/1"}],"replies":[{"embeddable":true,"href":"https:\/\/www.shefarol.com.br\/wordpress\/basico\/wp-json\/wp\/v2\/comments?post=160"}],"version-history":[{"count":9,"href":"https:\/\/www.shefarol.com.br\/wordpress\/basico\/wp-json\/wp\/v2\/pages\/160\/revisions"}],"predecessor-version":[{"id":858,"href":"https:\/\/www.shefarol.com.br\/wordpress\/basico\/wp-json\/wp\/v2\/pages\/160\/revisions\/858"}],"wp:attachment":[{"href":"https:\/\/www.shefarol.com.br\/wordpress\/basico\/wp-json\/wp\/v2\/media?parent=160"}],"curies":[{"name":"wp","href":"https:\/\/api.w.org\/{rel}","templated":true}]}}