{"id":168,"date":"2019-02-19T21:01:47","date_gmt":"2019-02-20T00:01:47","guid":{"rendered":"https:\/\/www.shefarol.com.br\/wordpress\/basico\/?page_id=168"},"modified":"2022-03-25T17:27:49","modified_gmt":"2022-03-25T20:27:49","slug":"menu","status":"publish","type":"page","link":"https:\/\/www.shefarol.com.br\/wordpress\/basico\/menu\/","title":{"rendered":"Menu"},"content":{"rendered":"\n<div class=\"bloco-menu\">\n<h3>Aquarela de Flans<\/h3>\n\n\n\n<figure class=\"wp-block-image\"><img loading=\"lazy\" decoding=\"async\" width=\"300\" height=\"200\" src=\"https:\/\/www.shefarol.com.br\/wordpress\/basico\/wp-content\/uploads\/2019\/02\/aquarela-de-flans.jpg\" alt=\"\" class=\"wp-image-20\"\/><\/figure>\n\n\n\n<p>Quatro antepastos de sabores brasileiros para provar com nosso biscoito de polvilho em lascas. Moqueca, galinha, couve com alho assado e gorgonzola, tucupi e jambu<\/p><\/div>\n\n\n\n<div class=\"bloco-menu\">\n<h3>Arroz Pregado de Cabrito<\/h3>\n\n\n\n<figure class=\"wp-block-image\"><img loading=\"lazy\" decoding=\"async\" width=\"300\" height=\"200\" src=\"https:\/\/www.shefarol.com.br\/wordpress\/basico\/wp-content\/uploads\/2019\/02\/arroz-pregado-de-cabrito.jpg\" alt=\"\" class=\"wp-image-21\"\/><\/figure>\n\n\n\n<p>Sabe aquele arroz que gruda no fundinho da panela e \u00e9 bem disputado? Fazemos com cabrito assado e desfiado, um toque de queijo Bouirsan e extra virgem da serra da Mantiqueira<\/p><\/div>\n\n\n\n<div class=\"bloco-menu\">\n<h3>Bife a Cavalo<\/h3>\n\n\n\n<figure class=\"wp-block-image\"><img loading=\"lazy\" decoding=\"async\" width=\"300\" height=\"200\" src=\"https:\/\/www.shefarol.com.br\/wordpress\/basico\/wp-content\/uploads\/2019\/02\/bife-a-cavalo.jpg\" alt=\"\" class=\"wp-image-22\"\/><\/figure>\n\n\n\n<p>Ovos perfeitos cozidos a 63 graus por 2 horas sobre bife de chorizo de Angus grelhado. Acompanha farofa de alho e arroz branco<\/p><\/div>\n\n\n\n<div class=\"bloco-menu\">\n<h3>Bolinho de Piracu\u00ed<\/h3>\n\n\n\n<figure class=\"wp-block-image\"><img loading=\"lazy\" decoding=\"async\" width=\"300\" height=\"200\" src=\"https:\/\/www.shefarol.com.br\/wordpress\/basico\/wp-content\/uploads\/2019\/02\/bolinho-de-piracui.jpg\" alt=\"\" class=\"wp-image-23\"\/><\/figure>\n\n\n\n<p>Bolinhos de mandioquinha com farinha de peixe \u2013 Piracu\u00ed \u2013 iguaria amaz\u00f4nica feita a partir do Cascudo (Acari). Aqui produzimos a nossa com Tambaqui. Sabor levemente defumado<\/p><\/div>\n\n\n\n<div class=\"bloco-menu\">\n<h3>Fideos de Comitiva<\/h3>\n\n\n\n<figure class=\"wp-block-image\"><img loading=\"lazy\" decoding=\"async\" width=\"300\" height=\"200\" src=\"https:\/\/www.shefarol.com.br\/wordpress\/basico\/wp-content\/uploads\/2019\/02\/fideos-de-comitiva.jpg\" alt=\"\" class=\"wp-image-24\"\/><\/figure>\n\n\n\n<p>Aqui preparado com fideos, o macarr\u00e3o de comitiva \u00e9 frito com a carne de sol e a linguicinha, seguidamente cozido com caldo de legumes e nota interessante de laranja<\/p><\/div>\n\n\n\n<div class=\"bloco-menu\">\n<h3>Risoto de Tucupi com Costelinha de Tambaqui<\/h3>\n\n\n\n<figure class=\"wp-block-image\"><img loading=\"lazy\" decoding=\"async\" width=\"300\" height=\"200\" src=\"https:\/\/www.shefarol.com.br\/wordpress\/basico\/wp-content\/uploads\/2019\/02\/risoto-de-tucupi-com-costelinha-de-tambaqui.jpg\" alt=\"\" class=\"wp-image-26\"\/><\/figure>\n\n\n\n<p>Feito com arroz bomba, utilizado na paella, cozido com tucupi e finalizado com jambu fresco, acompanha costelinha de tambaqui glaceada com melado, lim\u00e3o e shoyu<\/p><\/div>\n\n\n\n<div class=\"bloco-menu\">\n<h3>Pastel de Gema de Ovo Perfeito<\/h3>\n\n\n\n<figure class=\"wp-block-image\"><img loading=\"lazy\" decoding=\"async\" width=\"300\" height=\"200\" src=\"https:\/\/www.shefarol.com.br\/wordpress\/basico\/wp-content\/uploads\/2019\/02\/pastel-de-gema-de-ovo-perfeito.jpg\" alt=\"\" class=\"wp-image-27\"\/><\/figure>\n\n\n\n<p>Com farinha de pururuca, acompanha molhinho de alfavaca e pimenta fidalga<\/p><\/div>\n\n\n\n<div class=\"bloco-menu\">\n<h3>Queima do Alho<\/h3>\n\n\n\n<figure class=\"wp-block-image\"><img loading=\"lazy\" decoding=\"async\" width=\"300\" height=\"200\" src=\"https:\/\/www.shefarol.com.br\/wordpress\/basico\/wp-content\/uploads\/2019\/02\/queima-do-alho.jpg\" alt=\"\" class=\"wp-image-28\"\/><\/figure>\n\n\n\n<p>De tradi\u00e7\u00e3o tropeira, a nossa vers\u00e3o \u00e9 feita com caldo de feij\u00e3o gordo, mini arroz de carreteiro, pa\u00e7oca de carne de sol e picadinho de ancho na grelha<\/p><\/div>\n\n\n<div class=\"redes-sociais\"><div class=\"sfsi_widget sfsi_shortcode_container\"><div class=\"norm_row sfsi_wDiv \"  style=\"width:225px;text-align:left;\"><div style='width:40px; height:40px;margin-left:5px;margin-bottom:5px; ' class='sfsi_wicons shuffeldiv ' ><div class='inerCnt'><a class=' sficn' data-effect='fade_in' target='_blank'  href='https:\/\/www.facebook.com\/' id='sfsiid_facebook_icon' style='width:40px;height:40px;opacity:0.6;'  ><img data-pin-nopin='true' alt='Facebook' title='Facebook' src='https:\/\/www.shefarol.com.br\/wordpress\/basico\/wp-content\/plugins\/ultimate-social-media-icons\/images\/icons_theme\/default\/default_facebook.png' width='40' height='40' style='' class='sfcm sfsi_wicon ' data-effect='fade_in'   \/><\/a><div class=\"sfsi_tool_tip_2 fb_tool_bdr sfsiTlleft\" style=\"opacity:0;z-index:-1;\" id=\"sfsiid_facebook\"><span class=\"bot_arow bot_fb_arow\"><\/span><div class=\"sfsi_inside\"><div  class='icon1'><a href='https:\/\/www.facebook.com\/' target='_blank'><img data-pin-nopin='true' class='sfsi_wicon' alt='Facebook' title='Facebook' src='https:\/\/www.shefarol.com.br\/wordpress\/basico\/wp-content\/plugins\/ultimate-social-media-icons\/images\/visit_icons\/Visit_us_fb\/icon_Visit_us_en_US.png' \/><\/a><\/div><div  class='icon2'><div class=\"fb-like\" width=\"200\" data-href=\"https:\/\/www.shefarol.com.br\/wordpress\/basico\/menu\/\"  data-send=\"false\" data-layout=\"button_count\" data-action=\"like\"><\/div><\/div><div  class='icon3'><a target='_blank' href='https:\/\/www.facebook.com\/sharer\/sharer.php?u=https%3A%2F%2Fwww.shefarol.com.br%2Fwordpress%2Fbasico%2Fwp-json%2Fwp%2Fv2%2Fpages%2F168' style='display:inline-block;'  > <img class='sfsi_wicon'  data-pin-nopin='true' alt='fb-share-icon' title='Facebook Share' src='https:\/\/www.shefarol.com.br\/wordpress\/basico\/wp-content\/plugins\/ultimate-social-media-icons\/images\/share_icons\/fb_icons\/en_US.svg' \/><\/a><\/div><\/div><\/div><\/div><\/div><div style='width:40px; height:40px;margin-left:5px;margin-bottom:5px; ' class='sfsi_wicons shuffeldiv ' ><div class='inerCnt'><a class=' sficn' data-effect='fade_in' target='_blank'  href='https:\/\/twitter.com\/' id='sfsiid_twitter_icon' style='width:40px;height:40px;opacity:0.6;'  ><img data-pin-nopin='true' alt='Twitter' title='Twitter' src='https:\/\/www.shefarol.com.br\/wordpress\/basico\/wp-content\/plugins\/ultimate-social-media-icons\/images\/icons_theme\/default\/default_twitter.png' width='40' height='40' style='' class='sfcm sfsi_wicon ' data-effect='fade_in'   \/><\/a><div class=\"sfsi_tool_tip_2 twt_tool_bdr sfsiTlleft\" style=\"opacity:0;z-index:-1;\" id=\"sfsiid_twitter\"><span class=\"bot_arow bot_twt_arow\"><\/span><div class=\"sfsi_inside\"><div  class='cstmicon1'><a href='https:\/\/twitter.com\/' target='_blank'><img data-pin-nopin='true' class='sfsi_wicon' alt='Visit Us' title='Visit Us' src='https:\/\/www.shefarol.com.br\/wordpress\/basico\/wp-content\/plugins\/ultimate-social-media-icons\/images\/visit_icons\/Visit_us_twitter\/icon_Visit_us_en_US.png' \/><\/a><\/div><div  class='icon2'><div class='sf_twiter' style='display: inline-block;vertical-align: middle;width: auto;'>\r\n\t\t\t\t\t\t<a target='_blank' href='https:\/\/x.com\/intent\/post?text=Hey%2C+check+out+this+cool+site+I+found%3A+www.yourname.com+%23Topic+via%40my_twitter_name+https%3A%2F%2Fwww.shefarol.com.br%2Fwordpress%2Fbasico%2Fwp-json%2Fwp%2Fv2%2Fpages%2F168' style='display:inline-block' >\r\n\t\t\t\t\t\t\t<img data-pin-nopin= true class='sfsi_wicon' src='https:\/\/www.shefarol.com.br\/wordpress\/basico\/wp-content\/plugins\/ultimate-social-media-icons\/images\/share_icons\/Twitter_Tweet\/en_US_Tweet.svg' alt='Post on X' title='Post on X' >\r\n\t\t\t\t\t\t<\/a>\r\n\t\t\t\t\t<\/div><\/div><\/div><\/div><\/div><\/div><div style='width:40px; height:40px;margin-left:5px;margin-bottom:5px; ' class='sfsi_wicons shuffeldiv ' ><div class='inerCnt'><a class=' sficn' data-effect='fade_in' target='_blank'  href='https:\/\/www.youtube.com\/' id='sfsiid_youtube_icon' style='width:40px;height:40px;opacity:0.6;'  ><img data-pin-nopin='true' alt='YouTube' title='YouTube' src='https:\/\/www.shefarol.com.br\/wordpress\/basico\/wp-content\/plugins\/ultimate-social-media-icons\/images\/icons_theme\/default\/default_youtube.png' width='40' height='40' style='' class='sfcm sfsi_wicon ' data-effect='fade_in'   \/><\/a><\/div><\/div><div style='width:40px; height:40px;margin-left:5px;margin-bottom:5px; ' class='sfsi_wicons shuffeldiv ' ><div class='inerCnt'><a class=' sficn' data-effect='fade_in' target='_blank'  href='https:\/\/br.pinterest.com\/' id='sfsiid_pinterest_icon' style='width:40px;height:40px;opacity:0.6;'  ><img data-pin-nopin='true' alt='Pinterest' title='Pinterest' src='https:\/\/www.shefarol.com.br\/wordpress\/basico\/wp-content\/plugins\/ultimate-social-media-icons\/images\/icons_theme\/default\/default_pinterest.png' width='40' height='40' style='' class='sfcm sfsi_wicon ' data-effect='fade_in'   \/><\/a><\/div><\/div><div style='width:40px; height:40px;margin-left:5px;margin-bottom:5px; ' class='sfsi_wicons shuffeldiv ' ><div class='inerCnt'><a class=' sficn' data-effect='fade_in' target='_blank'  href='https:\/\/www.instagram.com\/?hl=pt-br' id='sfsiid_instagram_icon' style='width:40px;height:40px;opacity:0.6;'  ><img data-pin-nopin='true' alt='Instagram' title='Instagram' src='https:\/\/www.shefarol.com.br\/wordpress\/basico\/wp-content\/plugins\/ultimate-social-media-icons\/images\/icons_theme\/default\/default_instagram.png' width='40' height='40' style='' class='sfcm sfsi_wicon ' data-effect='fade_in'   \/><\/a><\/div><\/div><\/div ><div id=\"sfsi_holder\" class=\"sfsi_holders\" style=\"position: relative; float: left;width:100%;z-index:-1;\"><\/div ><script>window.addEventListener(\"sfsi_functions_loaded\", function()\n\t\t\t{\n\t\t\t\tif (typeof sfsi_widget_set == \"function\") {\n\t\t\t\t\tsfsi_widget_set();\n\t\t\t\t}\n\t\t\t}); <\/script><div style=\"clear: both;\"><\/div><\/div><\/div>\n<p>&nbsp;<\/p>\n\n\n<p class=\"limpa\">\n<\/p><h5 style=\"text-align: center;\">Obs.: Imagens usadas apenas para fins educacionais<\/h5>","protected":false},"excerpt":{"rendered":"<p>Aquarela de Flans Quatro antepastos de sabores brasileiros para provar com nosso biscoito de polvilho em lascas. Moqueca, galinha, couve com alho assado e gorgonzola, tucupi e jambu Arroz Pregado de Cabrito Sabe aquele arroz que gruda no fundinho da<a class=\"read-more\" href=\"https:\/\/www.shefarol.com.br\/wordpress\/basico\/menu\/\">Ver receita&#8230;<\/a><\/p>\n","protected":false},"author":1,"featured_media":0,"parent":0,"menu_order":0,"comment_status":"closed","ping_status":"closed","template":"page-templates\/page_fullwidth.php","meta":{"footnotes":""},"class_list":["post-168","page","type-page","status-publish","hentry"],"yoast_head":"<!-- This site is optimized with the Yoast SEO plugin v27.4 - https:\/\/yoast.com\/product\/yoast-seo-wordpress\/ -->\n<title>Menu - Restaurante Coma Bem<\/title>\n<meta name=\"description\" content=\"Menu do restaurante Coma Bem, Aquarela de Flans, Arroz Pregado de Cabrito, Bife a Cavalo, Bolinho de Piracu\u00ed, Fideos de Comitiva, e muito mais!\" \/>\n<meta name=\"robots\" content=\"noindex, follow, max-snippet:-1, max-image-preview:large, max-video-preview:-1\" \/>\n<meta property=\"og:locale\" content=\"pt_BR\" \/>\n<meta property=\"og:type\" content=\"article\" \/>\n<meta property=\"og:title\" content=\"Menu - Restaurante Coma Bem\" \/>\n<meta property=\"og:description\" content=\"Menu do restaurante Coma Bem, Aquarela de Flans, Arroz Pregado de Cabrito, Bife a Cavalo, Bolinho de Piracu\u00ed, Fideos de Comitiva, e muito mais!\" \/>\n<meta property=\"og:url\" content=\"https:\/\/www.shefarol.com.br\/wordpress\/basico\/menu\/\" \/>\n<meta property=\"og:site_name\" content=\"Restaurante Coma Bem\" \/>\n<meta property=\"article:modified_time\" content=\"2022-03-25T20:27:49+00:00\" \/>\n<meta property=\"og:image\" content=\"https:\/\/www.shefarol.com.br\/wordpress\/basico\/wp-content\/uploads\/2019\/02\/aquarela-de-flans.jpg\" \/>\n<meta name=\"twitter:card\" content=\"summary_large_image\" \/>\n<meta name=\"twitter:label1\" content=\"Est. tempo de leitura\" \/>\n\t<meta name=\"twitter:data1\" content=\"3 minutos\" \/>\n<script type=\"application\/ld+json\" class=\"yoast-schema-graph\">{\"@context\":\"https:\\\/\\\/schema.org\",\"@graph\":[{\"@type\":\"WebPage\",\"@id\":\"https:\\\/\\\/www.shefarol.com.br\\\/wordpress\\\/basico\\\/menu\\\/\",\"url\":\"https:\\\/\\\/www.shefarol.com.br\\\/wordpress\\\/basico\\\/menu\\\/\",\"name\":\"Menu - Restaurante Coma Bem\",\"isPartOf\":{\"@id\":\"https:\\\/\\\/www.shefarol.com.br\\\/wordpress\\\/basico\\\/#website\"},\"primaryImageOfPage\":{\"@id\":\"https:\\\/\\\/www.shefarol.com.br\\\/wordpress\\\/basico\\\/menu\\\/#primaryimage\"},\"image\":{\"@id\":\"https:\\\/\\\/www.shefarol.com.br\\\/wordpress\\\/basico\\\/menu\\\/#primaryimage\"},\"thumbnailUrl\":\"https:\\\/\\\/www.shefarol.com.br\\\/wordpress\\\/basico\\\/wp-content\\\/uploads\\\/2019\\\/02\\\/aquarela-de-flans.jpg\",\"datePublished\":\"2019-02-20T00:01:47+00:00\",\"dateModified\":\"2022-03-25T20:27:49+00:00\",\"description\":\"Menu do restaurante Coma Bem, Aquarela de Flans, Arroz Pregado de Cabrito, Bife a Cavalo, Bolinho de Piracu\u00ed, Fideos de Comitiva, e muito mais!\",\"breadcrumb\":{\"@id\":\"https:\\\/\\\/www.shefarol.com.br\\\/wordpress\\\/basico\\\/menu\\\/#breadcrumb\"},\"inLanguage\":\"pt-BR\",\"potentialAction\":[{\"@type\":\"ReadAction\",\"target\":[\"https:\\\/\\\/www.shefarol.com.br\\\/wordpress\\\/basico\\\/menu\\\/\"]}]},{\"@type\":\"ImageObject\",\"inLanguage\":\"pt-BR\",\"@id\":\"https:\\\/\\\/www.shefarol.com.br\\\/wordpress\\\/basico\\\/menu\\\/#primaryimage\",\"url\":\"https:\\\/\\\/www.shefarol.com.br\\\/wordpress\\\/basico\\\/wp-content\\\/uploads\\\/2019\\\/02\\\/aquarela-de-flans.jpg\",\"contentUrl\":\"https:\\\/\\\/www.shefarol.com.br\\\/wordpress\\\/basico\\\/wp-content\\\/uploads\\\/2019\\\/02\\\/aquarela-de-flans.jpg\",\"width\":300,\"height\":200},{\"@type\":\"BreadcrumbList\",\"@id\":\"https:\\\/\\\/www.shefarol.com.br\\\/wordpress\\\/basico\\\/menu\\\/#breadcrumb\",\"itemListElement\":[{\"@type\":\"ListItem\",\"position\":1,\"name\":\"In\u00edcio\",\"item\":\"https:\\\/\\\/www.shefarol.com.br\\\/wordpress\\\/basico\\\/\"},{\"@type\":\"ListItem\",\"position\":2,\"name\":\"Menu\"}]},{\"@type\":\"WebSite\",\"@id\":\"https:\\\/\\\/www.shefarol.com.br\\\/wordpress\\\/basico\\\/#website\",\"url\":\"https:\\\/\\\/www.shefarol.com.br\\\/wordpress\\\/basico\\\/\",\"name\":\"Restaurante Coma Bem\",\"description\":\"Site desenvolvido para fins educacionais no curso de T\u00e9cnico em Inform\u00e1tica\",\"publisher\":{\"@id\":\"https:\\\/\\\/www.shefarol.com.br\\\/wordpress\\\/basico\\\/#organization\"},\"potentialAction\":[{\"@type\":\"SearchAction\",\"target\":{\"@type\":\"EntryPoint\",\"urlTemplate\":\"https:\\\/\\\/www.shefarol.com.br\\\/wordpress\\\/basico\\\/?s={search_term_string}\"},\"query-input\":{\"@type\":\"PropertyValueSpecification\",\"valueRequired\":true,\"valueName\":\"search_term_string\"}}],\"inLanguage\":\"pt-BR\"},{\"@type\":\"Organization\",\"@id\":\"https:\\\/\\\/www.shefarol.com.br\\\/wordpress\\\/basico\\\/#organization\",\"name\":\"Restaurante Coma Bem - Projeto aula\",\"url\":\"https:\\\/\\\/www.shefarol.com.br\\\/wordpress\\\/basico\\\/\",\"logo\":{\"@type\":\"ImageObject\",\"inLanguage\":\"pt-BR\",\"@id\":\"https:\\\/\\\/www.shefarol.com.br\\\/wordpress\\\/basico\\\/#\\\/schema\\\/logo\\\/image\\\/\",\"url\":\"https:\\\/\\\/www.shefarol.com.br\\\/wordpress\\\/basico\\\/wp-content\\\/uploads\\\/2019\\\/02\\\/logo.png\",\"contentUrl\":\"https:\\\/\\\/www.shefarol.com.br\\\/wordpress\\\/basico\\\/wp-content\\\/uploads\\\/2019\\\/02\\\/logo.png\",\"width\":150,\"height\":150,\"caption\":\"Restaurante Coma Bem - Projeto aula\"},\"image\":{\"@id\":\"https:\\\/\\\/www.shefarol.com.br\\\/wordpress\\\/basico\\\/#\\\/schema\\\/logo\\\/image\\\/\"}}]}<\/script>\n<!-- \/ Yoast SEO plugin. -->","yoast_head_json":{"title":"Menu - Restaurante Coma Bem","description":"Menu do restaurante Coma Bem, Aquarela de Flans, Arroz Pregado de Cabrito, Bife a Cavalo, Bolinho de Piracu\u00ed, Fideos de Comitiva, e muito mais!","robots":{"index":"noindex","follow":"follow","max-snippet":"max-snippet:-1","max-image-preview":"max-image-preview:large","max-video-preview":"max-video-preview:-1"},"og_locale":"pt_BR","og_type":"article","og_title":"Menu - Restaurante Coma Bem","og_description":"Menu do restaurante Coma Bem, Aquarela de Flans, Arroz Pregado de Cabrito, Bife a Cavalo, Bolinho de Piracu\u00ed, Fideos de Comitiva, e muito mais!","og_url":"https:\/\/www.shefarol.com.br\/wordpress\/basico\/menu\/","og_site_name":"Restaurante Coma Bem","article_modified_time":"2022-03-25T20:27:49+00:00","og_image":[{"url":"https:\/\/www.shefarol.com.br\/wordpress\/basico\/wp-content\/uploads\/2019\/02\/aquarela-de-flans.jpg","type":"","width":"","height":""}],"twitter_card":"summary_large_image","twitter_misc":{"Est. tempo de leitura":"3 minutos"},"schema":{"@context":"https:\/\/schema.org","@graph":[{"@type":"WebPage","@id":"https:\/\/www.shefarol.com.br\/wordpress\/basico\/menu\/","url":"https:\/\/www.shefarol.com.br\/wordpress\/basico\/menu\/","name":"Menu - Restaurante Coma Bem","isPartOf":{"@id":"https:\/\/www.shefarol.com.br\/wordpress\/basico\/#website"},"primaryImageOfPage":{"@id":"https:\/\/www.shefarol.com.br\/wordpress\/basico\/menu\/#primaryimage"},"image":{"@id":"https:\/\/www.shefarol.com.br\/wordpress\/basico\/menu\/#primaryimage"},"thumbnailUrl":"https:\/\/www.shefarol.com.br\/wordpress\/basico\/wp-content\/uploads\/2019\/02\/aquarela-de-flans.jpg","datePublished":"2019-02-20T00:01:47+00:00","dateModified":"2022-03-25T20:27:49+00:00","description":"Menu do restaurante Coma Bem, Aquarela de Flans, Arroz Pregado de Cabrito, Bife a Cavalo, Bolinho de Piracu\u00ed, Fideos de Comitiva, e muito mais!","breadcrumb":{"@id":"https:\/\/www.shefarol.com.br\/wordpress\/basico\/menu\/#breadcrumb"},"inLanguage":"pt-BR","potentialAction":[{"@type":"ReadAction","target":["https:\/\/www.shefarol.com.br\/wordpress\/basico\/menu\/"]}]},{"@type":"ImageObject","inLanguage":"pt-BR","@id":"https:\/\/www.shefarol.com.br\/wordpress\/basico\/menu\/#primaryimage","url":"https:\/\/www.shefarol.com.br\/wordpress\/basico\/wp-content\/uploads\/2019\/02\/aquarela-de-flans.jpg","contentUrl":"https:\/\/www.shefarol.com.br\/wordpress\/basico\/wp-content\/uploads\/2019\/02\/aquarela-de-flans.jpg","width":300,"height":200},{"@type":"BreadcrumbList","@id":"https:\/\/www.shefarol.com.br\/wordpress\/basico\/menu\/#breadcrumb","itemListElement":[{"@type":"ListItem","position":1,"name":"In\u00edcio","item":"https:\/\/www.shefarol.com.br\/wordpress\/basico\/"},{"@type":"ListItem","position":2,"name":"Menu"}]},{"@type":"WebSite","@id":"https:\/\/www.shefarol.com.br\/wordpress\/basico\/#website","url":"https:\/\/www.shefarol.com.br\/wordpress\/basico\/","name":"Restaurante Coma Bem","description":"Site desenvolvido para fins educacionais no curso de T\u00e9cnico em Inform\u00e1tica","publisher":{"@id":"https:\/\/www.shefarol.com.br\/wordpress\/basico\/#organization"},"potentialAction":[{"@type":"SearchAction","target":{"@type":"EntryPoint","urlTemplate":"https:\/\/www.shefarol.com.br\/wordpress\/basico\/?s={search_term_string}"},"query-input":{"@type":"PropertyValueSpecification","valueRequired":true,"valueName":"search_term_string"}}],"inLanguage":"pt-BR"},{"@type":"Organization","@id":"https:\/\/www.shefarol.com.br\/wordpress\/basico\/#organization","name":"Restaurante Coma Bem - Projeto aula","url":"https:\/\/www.shefarol.com.br\/wordpress\/basico\/","logo":{"@type":"ImageObject","inLanguage":"pt-BR","@id":"https:\/\/www.shefarol.com.br\/wordpress\/basico\/#\/schema\/logo\/image\/","url":"https:\/\/www.shefarol.com.br\/wordpress\/basico\/wp-content\/uploads\/2019\/02\/logo.png","contentUrl":"https:\/\/www.shefarol.com.br\/wordpress\/basico\/wp-content\/uploads\/2019\/02\/logo.png","width":150,"height":150,"caption":"Restaurante Coma Bem - Projeto aula"},"image":{"@id":"https:\/\/www.shefarol.com.br\/wordpress\/basico\/#\/schema\/logo\/image\/"}}]}},"_links":{"self":[{"href":"https:\/\/www.shefarol.com.br\/wordpress\/basico\/wp-json\/wp\/v2\/pages\/168","targetHints":{"allow":["GET"]}}],"collection":[{"href":"https:\/\/www.shefarol.com.br\/wordpress\/basico\/wp-json\/wp\/v2\/pages"}],"about":[{"href":"https:\/\/www.shefarol.com.br\/wordpress\/basico\/wp-json\/wp\/v2\/types\/page"}],"author":[{"embeddable":true,"href":"https:\/\/www.shefarol.com.br\/wordpress\/basico\/wp-json\/wp\/v2\/users\/1"}],"replies":[{"embeddable":true,"href":"https:\/\/www.shefarol.com.br\/wordpress\/basico\/wp-json\/wp\/v2\/comments?post=168"}],"version-history":[{"count":12,"href":"https:\/\/www.shefarol.com.br\/wordpress\/basico\/wp-json\/wp\/v2\/pages\/168\/revisions"}],"predecessor-version":[{"id":844,"href":"https:\/\/www.shefarol.com.br\/wordpress\/basico\/wp-json\/wp\/v2\/pages\/168\/revisions\/844"}],"wp:attachment":[{"href":"https:\/\/www.shefarol.com.br\/wordpress\/basico\/wp-json\/wp\/v2\/media?parent=168"}],"curies":[{"name":"wp","href":"https:\/\/api.w.org\/{rel}","templated":true}]}}