{"id":7,"date":"2019-02-19T17:38:20","date_gmt":"2019-02-19T20:38:20","guid":{"rendered":"https:\/\/www.shefarol.com.br\/wordpress\/basico\/?page_id=7"},"modified":"2026-03-11T14:59:25","modified_gmt":"2026-03-11T17:59:25","slug":"restaurante-coma-bem","status":"publish","type":"page","link":"https:\/\/www.shefarol.com.br\/wordpress\/basico\/","title":{"rendered":"Restaurante Coma Bem"},"content":{"rendered":"\n<p>&nbsp;<\/p>\n<div class=\"texto-justificado\">\n<p>O <b>Restaurante Coma Bem<\/b>, surgiu h\u00e1 mais de 30 anos, nas tardes ensolaradas da cidade de S\u00e3o Paulo. <\/p>\n<p>Na beira do fog\u00e3o, vov\u00f3 Maria, passava para nosso chef Chic\u00e3o, ainda crian\u00e7a, os segredos e a paix\u00e3o pela cozinha \u2014 mas ele ainda nem sabia disso.<\/p>\n<p>Essa curiosidade cresceu e aos poucos ele foi se dando conta, logo s\u00f3 seria poss\u00edvel se realizar pessoal e profissionalmente, dentro da cozinha.<\/p>\n<p>Nossos produtos tem origem no <a href=\"http:\/\/www.oportaldomercadao.com.br\/\">mercado municipal<\/a>, afinal \u00e9 nosso grande parceiro!<\/p> \n <p>Hoje, ele usa esses ensinamentos e o livro de receitas dela com as mais modernas t\u00e9cnicas gastron\u00f4micas para, enfim fazer a cria\u00e7\u00e3o do nosso card\u00e1pio.<\/p>\n<p>Nossa casa \u00e9 brasileira e, al\u00e9m de comida, servimos afeto. Seja bem-vindo!<\/p>\n<p><b>Restaurante Coma Bem<\/b> &#8211; o prazer de comer em S\u00e3o Paulo<\/p>\n<\/div>\n\n\n\n<figure class=\"wp-block-gallery has-nested-images columns-default is-cropped wp-block-gallery-1 is-layout-flex wp-block-gallery-is-layout-flex\">\n<figure class=\"wp-block-image size-large\"><img loading=\"lazy\" decoding=\"async\" width=\"400\" height=\"195\" data-id=\"345\" src=\"https:\/\/www.shefarol.com.br\/wordpress\/basico\/wp-content\/uploads\/2019\/02\/ambiente_03_pequeno.jpg\" alt=\"Ambiente interno Restaurante Coma Bem\" class=\"wp-image-345\" srcset=\"https:\/\/www.shefarol.com.br\/wordpress\/basico\/wp-content\/uploads\/2019\/02\/ambiente_03_pequeno.jpg 400w, https:\/\/www.shefarol.com.br\/wordpress\/basico\/wp-content\/uploads\/2019\/02\/ambiente_03_pequeno-300x146.jpg 300w\" sizes=\"auto, (max-width: 400px) 100vw, 400px\" \/><\/figure>\n\n\n\n<figure class=\"wp-block-image size-large\"><img loading=\"lazy\" decoding=\"async\" width=\"400\" height=\"195\" data-id=\"343\" src=\"https:\/\/www.shefarol.com.br\/wordpress\/basico\/wp-content\/uploads\/2019\/02\/ambiente_02_pequeno.jpg\" alt=\"Ambiente interno Restaurante Coma Bem\" class=\"wp-image-343\" srcset=\"https:\/\/www.shefarol.com.br\/wordpress\/basico\/wp-content\/uploads\/2019\/02\/ambiente_02_pequeno.jpg 400w, https:\/\/www.shefarol.com.br\/wordpress\/basico\/wp-content\/uploads\/2019\/02\/ambiente_02_pequeno-300x146.jpg 300w\" sizes=\"auto, (max-width: 400px) 100vw, 400px\" \/><\/figure>\n\n\n\n<figure class=\"wp-block-image size-large\"><img loading=\"lazy\" decoding=\"async\" width=\"400\" height=\"195\" data-id=\"341\" src=\"https:\/\/www.shefarol.com.br\/wordpress\/basico\/wp-content\/uploads\/2019\/02\/ambiente_01_pequeno.jpg\" alt=\"Ambiente interno Restaurante Coma Bem\" class=\"wp-image-341\" srcset=\"https:\/\/www.shefarol.com.br\/wordpress\/basico\/wp-content\/uploads\/2019\/02\/ambiente_01_pequeno.jpg 400w, https:\/\/www.shefarol.com.br\/wordpress\/basico\/wp-content\/uploads\/2019\/02\/ambiente_01_pequeno-300x146.jpg 300w\" sizes=\"auto, (max-width: 400px) 100vw, 400px\" \/><\/figure>\n<\/figure>\n\n\n<div class=\"redes-sociais\"><div class=\"sfsi_widget sfsi_shortcode_container\"><div class=\"norm_row sfsi_wDiv \"  style=\"width:225px;text-align:left;\"><div style='width:40px; height:40px;margin-left:5px;margin-bottom:5px; ' class='sfsi_wicons shuffeldiv ' ><div class='inerCnt'><a class=' sficn' data-effect='fade_in' target='_blank'  href='https:\/\/www.facebook.com\/' id='sfsiid_facebook_icon' style='width:40px;height:40px;opacity:0.6;'  ><img data-pin-nopin='true' alt='Facebook' title='Facebook' src='https:\/\/www.shefarol.com.br\/wordpress\/basico\/wp-content\/plugins\/ultimate-social-media-icons\/images\/icons_theme\/default\/default_facebook.png' width='40' height='40' style='' class='sfcm sfsi_wicon ' data-effect='fade_in'   \/><\/a><div class=\"sfsi_tool_tip_2 fb_tool_bdr sfsiTlleft\" style=\"opacity:0;z-index:-1;\" id=\"sfsiid_facebook\"><span class=\"bot_arow bot_fb_arow\"><\/span><div class=\"sfsi_inside\"><div  class='icon1'><a href='https:\/\/www.facebook.com\/' target='_blank'><img data-pin-nopin='true' class='sfsi_wicon' alt='Facebook' title='Facebook' src='https:\/\/www.shefarol.com.br\/wordpress\/basico\/wp-content\/plugins\/ultimate-social-media-icons\/images\/visit_icons\/Visit_us_fb\/icon_Visit_us_en_US.png' \/><\/a><\/div><div  class='icon2'><div class=\"fb-like\" width=\"200\" data-href=\"https:\/\/www.shefarol.com.br\/wordpress\/basico\/\"  data-send=\"false\" data-layout=\"button_count\" data-action=\"like\"><\/div><\/div><div  class='icon3'><a target='_blank' href='https:\/\/www.facebook.com\/sharer\/sharer.php?u=https%3A%2F%2Fwww.shefarol.com.br%2Fwordpress%2Fbasico%2Fwp-json%2Fwp%2Fv2%2Fpages%2F7' style='display:inline-block;'  > <img class='sfsi_wicon'  data-pin-nopin='true' alt='fb-share-icon' title='Facebook Share' src='https:\/\/www.shefarol.com.br\/wordpress\/basico\/wp-content\/plugins\/ultimate-social-media-icons\/images\/share_icons\/fb_icons\/en_US.svg' \/><\/a><\/div><\/div><\/div><\/div><\/div><div style='width:40px; height:40px;margin-left:5px;margin-bottom:5px; ' class='sfsi_wicons shuffeldiv ' ><div class='inerCnt'><a class=' sficn' data-effect='fade_in' target='_blank'  href='https:\/\/twitter.com\/' id='sfsiid_twitter_icon' style='width:40px;height:40px;opacity:0.6;'  ><img data-pin-nopin='true' alt='Twitter' title='Twitter' src='https:\/\/www.shefarol.com.br\/wordpress\/basico\/wp-content\/plugins\/ultimate-social-media-icons\/images\/icons_theme\/default\/default_twitter.png' width='40' height='40' style='' class='sfcm sfsi_wicon ' data-effect='fade_in'   \/><\/a><div class=\"sfsi_tool_tip_2 twt_tool_bdr sfsiTlleft\" style=\"opacity:0;z-index:-1;\" id=\"sfsiid_twitter\"><span class=\"bot_arow bot_twt_arow\"><\/span><div class=\"sfsi_inside\"><div  class='cstmicon1'><a href='https:\/\/twitter.com\/' target='_blank'><img data-pin-nopin='true' class='sfsi_wicon' alt='Visit Us' title='Visit Us' src='https:\/\/www.shefarol.com.br\/wordpress\/basico\/wp-content\/plugins\/ultimate-social-media-icons\/images\/visit_icons\/Visit_us_twitter\/icon_Visit_us_en_US.png' \/><\/a><\/div><div  class='icon2'><div class='sf_twiter' style='display: inline-block;vertical-align: middle;width: auto;'>\r\n\t\t\t\t\t\t<a target='_blank' href='https:\/\/x.com\/intent\/post?text=Hey%2C+check+out+this+cool+site+I+found%3A+www.yourname.com+%23Topic+via%40my_twitter_name+https%3A%2F%2Fwww.shefarol.com.br%2Fwordpress%2Fbasico%2Fwp-json%2Fwp%2Fv2%2Fpages%2F7' style='display:inline-block' >\r\n\t\t\t\t\t\t\t<img data-pin-nopin= true class='sfsi_wicon' src='https:\/\/www.shefarol.com.br\/wordpress\/basico\/wp-content\/plugins\/ultimate-social-media-icons\/images\/share_icons\/Twitter_Tweet\/en_US_Tweet.svg' alt='Post on X' title='Post on X' >\r\n\t\t\t\t\t\t<\/a>\r\n\t\t\t\t\t<\/div><\/div><\/div><\/div><\/div><\/div><div style='width:40px; height:40px;margin-left:5px;margin-bottom:5px; ' class='sfsi_wicons shuffeldiv ' ><div class='inerCnt'><a class=' sficn' data-effect='fade_in' target='_blank'  href='https:\/\/www.youtube.com\/' id='sfsiid_youtube_icon' style='width:40px;height:40px;opacity:0.6;'  ><img data-pin-nopin='true' alt='YouTube' title='YouTube' src='https:\/\/www.shefarol.com.br\/wordpress\/basico\/wp-content\/plugins\/ultimate-social-media-icons\/images\/icons_theme\/default\/default_youtube.png' width='40' height='40' style='' class='sfcm sfsi_wicon ' data-effect='fade_in'   \/><\/a><\/div><\/div><div style='width:40px; height:40px;margin-left:5px;margin-bottom:5px; ' class='sfsi_wicons shuffeldiv ' ><div class='inerCnt'><a class=' sficn' data-effect='fade_in' target='_blank'  href='https:\/\/br.pinterest.com\/' id='sfsiid_pinterest_icon' style='width:40px;height:40px;opacity:0.6;'  ><img data-pin-nopin='true' alt='Pinterest' title='Pinterest' src='https:\/\/www.shefarol.com.br\/wordpress\/basico\/wp-content\/plugins\/ultimate-social-media-icons\/images\/icons_theme\/default\/default_pinterest.png' width='40' height='40' style='' class='sfcm sfsi_wicon ' data-effect='fade_in'   \/><\/a><\/div><\/div><div style='width:40px; height:40px;margin-left:5px;margin-bottom:5px; ' class='sfsi_wicons shuffeldiv ' ><div class='inerCnt'><a class=' sficn' data-effect='fade_in' target='_blank'  href='https:\/\/www.instagram.com\/?hl=pt-br' id='sfsiid_instagram_icon' style='width:40px;height:40px;opacity:0.6;'  ><img data-pin-nopin='true' alt='Instagram' title='Instagram' src='https:\/\/www.shefarol.com.br\/wordpress\/basico\/wp-content\/plugins\/ultimate-social-media-icons\/images\/icons_theme\/default\/default_instagram.png' width='40' height='40' style='' class='sfcm sfsi_wicon ' data-effect='fade_in'   \/><\/a><\/div><\/div><\/div ><div id=\"sfsi_holder\" class=\"sfsi_holders\" style=\"position: relative; float: left;width:100%;z-index:-1;\"><\/div ><script>window.addEventListener(\"sfsi_functions_loaded\", function()\n\t\t\t{\n\t\t\t\tif (typeof sfsi_widget_set == \"function\") {\n\t\t\t\t\tsfsi_widget_set();\n\t\t\t\t}\n\t\t\t}); <\/script><div style=\"clear: both;\"><\/div><\/div><\/div>\n\n\n<h5 class=\"limpa\" style=\"text-align: center;\">Obs.: Imagens usadas apenas para fins educacionais<\/h5>","protected":false},"excerpt":{"rendered":"<p>&nbsp; O Restaurante Coma Bem, surgiu h\u00e1 mais de 30 anos, nas tardes ensolaradas da cidade de S\u00e3o Paulo. Na beira do fog\u00e3o, vov\u00f3 Maria, passava para nosso chef Chic\u00e3o, ainda crian\u00e7a, os segredos e a paix\u00e3o pela cozinha \u2014<a class=\"read-more\" href=\"https:\/\/www.shefarol.com.br\/wordpress\/basico\/\">Ver receita&#8230;<\/a><\/p>\n","protected":false},"author":1,"featured_media":0,"parent":0,"menu_order":0,"comment_status":"closed","ping_status":"closed","template":"page-templates\/page_fullwidth.php","meta":{"footnotes":""},"class_list":["post-7","page","type-page","status-publish","hentry"],"yoast_head":"<!-- This site is optimized with the Yoast SEO plugin v27.4 - https:\/\/yoast.com\/product\/yoast-seo-wordpress\/ -->\n<title>Restaurante Coma Bem - em S\u00e3o Paulo - Vila Prudente<\/title>\n<meta name=\"description\" content=\"O restaurante Coma Bem surgiu h\u00e1 mais de 30 anos nas tardes ensolaradas da cidade de S\u00e3o Paulo. Tel: 1234-5678 - Rua Lala, 1000\" \/>\n<meta name=\"robots\" content=\"noindex, follow, max-snippet:-1, max-image-preview:large, max-video-preview:-1\" \/>\n<meta property=\"og:locale\" content=\"pt_BR\" \/>\n<meta property=\"og:type\" content=\"article\" \/>\n<meta property=\"og:title\" content=\"Restaurante Coma Bem - em S\u00e3o Paulo - Vila Prudente\" \/>\n<meta property=\"og:description\" content=\"O restaurante Coma Bem surgiu h\u00e1 mais de 30 anos nas tardes ensolaradas da cidade de S\u00e3o Paulo. Tel: 1234-5678 - Rua Lala, 1000\" \/>\n<meta property=\"og:url\" content=\"https:\/\/www.shefarol.com.br\/wordpress\/basico\/\" \/>\n<meta property=\"og:site_name\" content=\"Restaurante Coma Bem\" \/>\n<meta property=\"article:modified_time\" content=\"2026-03-11T17:59:25+00:00\" \/>\n<meta property=\"og:image\" content=\"https:\/\/www.shefarol.com.br\/wordpress\/basico\/wp-content\/uploads\/2019\/02\/ambiente_03_pequeno.jpg\" \/>\n\t<meta property=\"og:image:width\" content=\"400\" \/>\n\t<meta property=\"og:image:height\" content=\"195\" \/>\n\t<meta property=\"og:image:type\" content=\"image\/jpeg\" \/>\n<meta name=\"twitter:card\" content=\"summary_large_image\" \/>\n<meta name=\"twitter:label1\" content=\"Est. tempo de leitura\" \/>\n\t<meta name=\"twitter:data1\" content=\"2 minutos\" \/>\n<script type=\"application\/ld+json\" class=\"yoast-schema-graph\">{\"@context\":\"https:\\\/\\\/schema.org\",\"@graph\":[{\"@type\":\"WebPage\",\"@id\":\"https:\\\/\\\/www.shefarol.com.br\\\/wordpress\\\/basico\\\/\",\"url\":\"https:\\\/\\\/www.shefarol.com.br\\\/wordpress\\\/basico\\\/\",\"name\":\"Restaurante Coma Bem - em S\u00e3o Paulo - Vila Prudente\",\"isPartOf\":{\"@id\":\"https:\\\/\\\/www.shefarol.com.br\\\/wordpress\\\/basico\\\/#website\"},\"primaryImageOfPage\":{\"@id\":\"https:\\\/\\\/www.shefarol.com.br\\\/wordpress\\\/basico\\\/#primaryimage\"},\"image\":{\"@id\":\"https:\\\/\\\/www.shefarol.com.br\\\/wordpress\\\/basico\\\/#primaryimage\"},\"thumbnailUrl\":\"https:\\\/\\\/www.shefarol.com.br\\\/wordpress\\\/basico\\\/wp-content\\\/uploads\\\/2019\\\/02\\\/ambiente_03_pequeno.jpg\",\"datePublished\":\"2019-02-19T20:38:20+00:00\",\"dateModified\":\"2026-03-11T17:59:25+00:00\",\"description\":\"O restaurante Coma Bem surgiu h\u00e1 mais de 30 anos nas tardes ensolaradas da cidade de S\u00e3o Paulo. Tel: 1234-5678 - Rua Lala, 1000\",\"breadcrumb\":{\"@id\":\"https:\\\/\\\/www.shefarol.com.br\\\/wordpress\\\/basico\\\/#breadcrumb\"},\"inLanguage\":\"pt-BR\",\"potentialAction\":[{\"@type\":\"ReadAction\",\"target\":[\"https:\\\/\\\/www.shefarol.com.br\\\/wordpress\\\/basico\\\/\"]}]},{\"@type\":\"ImageObject\",\"inLanguage\":\"pt-BR\",\"@id\":\"https:\\\/\\\/www.shefarol.com.br\\\/wordpress\\\/basico\\\/#primaryimage\",\"url\":\"https:\\\/\\\/www.shefarol.com.br\\\/wordpress\\\/basico\\\/wp-content\\\/uploads\\\/2019\\\/02\\\/ambiente_03_pequeno.jpg\",\"contentUrl\":\"https:\\\/\\\/www.shefarol.com.br\\\/wordpress\\\/basico\\\/wp-content\\\/uploads\\\/2019\\\/02\\\/ambiente_03_pequeno.jpg\",\"width\":400,\"height\":195,\"caption\":\"Ambiente interno Restaurante Coma Bem\"},{\"@type\":\"BreadcrumbList\",\"@id\":\"https:\\\/\\\/www.shefarol.com.br\\\/wordpress\\\/basico\\\/#breadcrumb\",\"itemListElement\":[{\"@type\":\"ListItem\",\"position\":1,\"name\":\"In\u00edcio\",\"item\":\"https:\\\/\\\/www.shefarol.com.br\\\/wordpress\\\/basico\\\/\"},{\"@type\":\"ListItem\",\"position\":2,\"name\":\"Restaurante Coma Bem\"}]},{\"@type\":\"WebSite\",\"@id\":\"https:\\\/\\\/www.shefarol.com.br\\\/wordpress\\\/basico\\\/#website\",\"url\":\"https:\\\/\\\/www.shefarol.com.br\\\/wordpress\\\/basico\\\/\",\"name\":\"Restaurante Coma Bem\",\"description\":\"Site desenvolvido para fins educacionais no curso de T\u00e9cnico em Inform\u00e1tica\",\"publisher\":{\"@id\":\"https:\\\/\\\/www.shefarol.com.br\\\/wordpress\\\/basico\\\/#organization\"},\"potentialAction\":[{\"@type\":\"SearchAction\",\"target\":{\"@type\":\"EntryPoint\",\"urlTemplate\":\"https:\\\/\\\/www.shefarol.com.br\\\/wordpress\\\/basico\\\/?s={search_term_string}\"},\"query-input\":{\"@type\":\"PropertyValueSpecification\",\"valueRequired\":true,\"valueName\":\"search_term_string\"}}],\"inLanguage\":\"pt-BR\"},{\"@type\":\"Organization\",\"@id\":\"https:\\\/\\\/www.shefarol.com.br\\\/wordpress\\\/basico\\\/#organization\",\"name\":\"Restaurante Coma Bem - Projeto aula\",\"url\":\"https:\\\/\\\/www.shefarol.com.br\\\/wordpress\\\/basico\\\/\",\"logo\":{\"@type\":\"ImageObject\",\"inLanguage\":\"pt-BR\",\"@id\":\"https:\\\/\\\/www.shefarol.com.br\\\/wordpress\\\/basico\\\/#\\\/schema\\\/logo\\\/image\\\/\",\"url\":\"https:\\\/\\\/www.shefarol.com.br\\\/wordpress\\\/basico\\\/wp-content\\\/uploads\\\/2019\\\/02\\\/logo.png\",\"contentUrl\":\"https:\\\/\\\/www.shefarol.com.br\\\/wordpress\\\/basico\\\/wp-content\\\/uploads\\\/2019\\\/02\\\/logo.png\",\"width\":150,\"height\":150,\"caption\":\"Restaurante Coma Bem - Projeto aula\"},\"image\":{\"@id\":\"https:\\\/\\\/www.shefarol.com.br\\\/wordpress\\\/basico\\\/#\\\/schema\\\/logo\\\/image\\\/\"}}]}<\/script>\n<!-- \/ Yoast SEO plugin. -->","yoast_head_json":{"title":"Restaurante Coma Bem - em S\u00e3o Paulo - Vila Prudente","description":"O restaurante Coma Bem surgiu h\u00e1 mais de 30 anos nas tardes ensolaradas da cidade de S\u00e3o Paulo. Tel: 1234-5678 - Rua Lala, 1000","robots":{"index":"noindex","follow":"follow","max-snippet":"max-snippet:-1","max-image-preview":"max-image-preview:large","max-video-preview":"max-video-preview:-1"},"og_locale":"pt_BR","og_type":"article","og_title":"Restaurante Coma Bem - em S\u00e3o Paulo - Vila Prudente","og_description":"O restaurante Coma Bem surgiu h\u00e1 mais de 30 anos nas tardes ensolaradas da cidade de S\u00e3o Paulo. Tel: 1234-5678 - Rua Lala, 1000","og_url":"https:\/\/www.shefarol.com.br\/wordpress\/basico\/","og_site_name":"Restaurante Coma Bem","article_modified_time":"2026-03-11T17:59:25+00:00","og_image":[{"width":400,"height":195,"url":"https:\/\/www.shefarol.com.br\/wordpress\/basico\/wp-content\/uploads\/2019\/02\/ambiente_03_pequeno.jpg","type":"image\/jpeg"}],"twitter_card":"summary_large_image","twitter_misc":{"Est. tempo de leitura":"2 minutos"},"schema":{"@context":"https:\/\/schema.org","@graph":[{"@type":"WebPage","@id":"https:\/\/www.shefarol.com.br\/wordpress\/basico\/","url":"https:\/\/www.shefarol.com.br\/wordpress\/basico\/","name":"Restaurante Coma Bem - em S\u00e3o Paulo - Vila Prudente","isPartOf":{"@id":"https:\/\/www.shefarol.com.br\/wordpress\/basico\/#website"},"primaryImageOfPage":{"@id":"https:\/\/www.shefarol.com.br\/wordpress\/basico\/#primaryimage"},"image":{"@id":"https:\/\/www.shefarol.com.br\/wordpress\/basico\/#primaryimage"},"thumbnailUrl":"https:\/\/www.shefarol.com.br\/wordpress\/basico\/wp-content\/uploads\/2019\/02\/ambiente_03_pequeno.jpg","datePublished":"2019-02-19T20:38:20+00:00","dateModified":"2026-03-11T17:59:25+00:00","description":"O restaurante Coma Bem surgiu h\u00e1 mais de 30 anos nas tardes ensolaradas da cidade de S\u00e3o Paulo. Tel: 1234-5678 - Rua Lala, 1000","breadcrumb":{"@id":"https:\/\/www.shefarol.com.br\/wordpress\/basico\/#breadcrumb"},"inLanguage":"pt-BR","potentialAction":[{"@type":"ReadAction","target":["https:\/\/www.shefarol.com.br\/wordpress\/basico\/"]}]},{"@type":"ImageObject","inLanguage":"pt-BR","@id":"https:\/\/www.shefarol.com.br\/wordpress\/basico\/#primaryimage","url":"https:\/\/www.shefarol.com.br\/wordpress\/basico\/wp-content\/uploads\/2019\/02\/ambiente_03_pequeno.jpg","contentUrl":"https:\/\/www.shefarol.com.br\/wordpress\/basico\/wp-content\/uploads\/2019\/02\/ambiente_03_pequeno.jpg","width":400,"height":195,"caption":"Ambiente interno Restaurante Coma Bem"},{"@type":"BreadcrumbList","@id":"https:\/\/www.shefarol.com.br\/wordpress\/basico\/#breadcrumb","itemListElement":[{"@type":"ListItem","position":1,"name":"In\u00edcio","item":"https:\/\/www.shefarol.com.br\/wordpress\/basico\/"},{"@type":"ListItem","position":2,"name":"Restaurante Coma Bem"}]},{"@type":"WebSite","@id":"https:\/\/www.shefarol.com.br\/wordpress\/basico\/#website","url":"https:\/\/www.shefarol.com.br\/wordpress\/basico\/","name":"Restaurante Coma Bem","description":"Site desenvolvido para fins educacionais no curso de T\u00e9cnico em Inform\u00e1tica","publisher":{"@id":"https:\/\/www.shefarol.com.br\/wordpress\/basico\/#organization"},"potentialAction":[{"@type":"SearchAction","target":{"@type":"EntryPoint","urlTemplate":"https:\/\/www.shefarol.com.br\/wordpress\/basico\/?s={search_term_string}"},"query-input":{"@type":"PropertyValueSpecification","valueRequired":true,"valueName":"search_term_string"}}],"inLanguage":"pt-BR"},{"@type":"Organization","@id":"https:\/\/www.shefarol.com.br\/wordpress\/basico\/#organization","name":"Restaurante Coma Bem - Projeto aula","url":"https:\/\/www.shefarol.com.br\/wordpress\/basico\/","logo":{"@type":"ImageObject","inLanguage":"pt-BR","@id":"https:\/\/www.shefarol.com.br\/wordpress\/basico\/#\/schema\/logo\/image\/","url":"https:\/\/www.shefarol.com.br\/wordpress\/basico\/wp-content\/uploads\/2019\/02\/logo.png","contentUrl":"https:\/\/www.shefarol.com.br\/wordpress\/basico\/wp-content\/uploads\/2019\/02\/logo.png","width":150,"height":150,"caption":"Restaurante Coma Bem - Projeto aula"},"image":{"@id":"https:\/\/www.shefarol.com.br\/wordpress\/basico\/#\/schema\/logo\/image\/"}}]}},"_links":{"self":[{"href":"https:\/\/www.shefarol.com.br\/wordpress\/basico\/wp-json\/wp\/v2\/pages\/7","targetHints":{"allow":["GET"]}}],"collection":[{"href":"https:\/\/www.shefarol.com.br\/wordpress\/basico\/wp-json\/wp\/v2\/pages"}],"about":[{"href":"https:\/\/www.shefarol.com.br\/wordpress\/basico\/wp-json\/wp\/v2\/types\/page"}],"author":[{"embeddable":true,"href":"https:\/\/www.shefarol.com.br\/wordpress\/basico\/wp-json\/wp\/v2\/users\/1"}],"replies":[{"embeddable":true,"href":"https:\/\/www.shefarol.com.br\/wordpress\/basico\/wp-json\/wp\/v2\/comments?post=7"}],"version-history":[{"count":53,"href":"https:\/\/www.shefarol.com.br\/wordpress\/basico\/wp-json\/wp\/v2\/pages\/7\/revisions"}],"predecessor-version":[{"id":900,"href":"https:\/\/www.shefarol.com.br\/wordpress\/basico\/wp-json\/wp\/v2\/pages\/7\/revisions\/900"}],"wp:attachment":[{"href":"https:\/\/www.shefarol.com.br\/wordpress\/basico\/wp-json\/wp\/v2\/media?parent=7"}],"curies":[{"name":"wp","href":"https:\/\/api.w.org\/{rel}","templated":true}]}}