{"id":9,"date":"2019-02-19T17:38:59","date_gmt":"2019-02-19T20:38:59","guid":{"rendered":"https:\/\/www.shefarol.com.br\/wordpress\/basico\/?page_id=9"},"modified":"2022-03-25T17:33:18","modified_gmt":"2022-03-25T20:33:18","slug":"o-chef-chicao","status":"publish","type":"page","link":"https:\/\/www.shefarol.com.br\/wordpress\/basico\/o-chef-chicao\/","title":{"rendered":"O Chef Chic\u00e3o"},"content":{"rendered":"\n<h2 class=\"wp-block-heading\">O Chef Chic\u00e3o<\/h2>\n\n\n\n<div class=\"wp-block-image\"><figure class=\"alignleft size-large is-resized\"><img loading=\"lazy\" decoding=\"async\" src=\"https:\/\/www.shefarol.com.br\/wordpress\/basico\/wp-content\/uploads\/2019\/02\/chicao.jpg\" alt=\"O Chef Chic\u00e3o\" class=\"wp-image-34\" width=\"109\" height=\"125\" srcset=\"https:\/\/www.shefarol.com.br\/wordpress\/basico\/wp-content\/uploads\/2019\/02\/chicao.jpg 385w, https:\/\/www.shefarol.com.br\/wordpress\/basico\/wp-content\/uploads\/2019\/02\/chicao-261x300.jpg 261w\" sizes=\"auto, (max-width: 109px) 100vw, 109px\" \/><\/figure><\/div>\n\n\n\n<p class=\"texto-justificado\">Em 2006, <strong>o Chef Chic\u00e3o<\/strong> abria o restaurante <strong>Coma Bem<\/strong>, um restaurante low profile (de pouco detaque), numa esquina an\u00f4nima dos Jardins.<\/p>\n\n\n\n<p>O sobradinho da d\u00e9cada de 1940, n\u00e3o respirava d\u00e9cor, mas consequentemente, servia pratos brasileiros de sabores intensos e aut\u00eanticos, que flertavam com a cozinha espanhola.<\/p>\n\n\n\n<p>O <strong>Restaurante Coma Bem<\/strong> era reflexo do <strong>Chef Chic\u00e3o<\/strong>.<\/p>\n\n\n\n<p>&nbsp;<\/p>\n\n\n\n<h2 class=\"wp-block-heading\">Forma\u00e7\u00e3o<\/h2>\n\n\n\n<p>O <strong>Chef Chic\u00e3o<\/strong> come\u00e7ou tarde na cozinha, formou-se em Tecnologia da Informa\u00e7\u00e3o, teve banda de reggae com faixa mixada no est\u00fadio de Bob Marley e come\u00e7ou mestrado em Cinema.<\/p>\n\n\n\n<p>Logo depois frequentou o curso incipiente de Gastronomia na Universidade Metodista de Piracicaba.<\/p>\n\n\n\n<p>Assim que finalizou o seu curso, foi tudo muito r\u00e1pido, pegou o seu diploma, mudou-se para S\u00e3o Paulo, fez uma passagem marcante, por diversos restaurantes renomados e pela ger\u00eancia de alimentos e bebidas num hotel fazenda para crian\u00e7as<\/p>\n\n\n\n<p>Neste \u00faltimo local, possu\u00eda uma horta org\u00e2nica e um laborat\u00f3rio de experi\u00eancias gastron\u00f4micas. Nesse interim, dava-se in\u00edcio a um projeto que estava incubado.<\/p>\n\n\n\n<h2 class=\"wp-block-heading\">Homenagem<\/h2>\n\n\n\n<p>Em homenagem \u00e0 bisav\u00f3 (espanhola das Ilhas Can\u00e1rias) veio o restaurante <strong>Coma Bem<\/strong> e o uso de ingredientes brasileiros de forma intuitiva. <\/p>\n\n\n\n<p>O apre\u00e7o e o conhecimento de receitas cl\u00e1ssicas da culin\u00e1ria nacional, especialmente a paulista e a mineira, j\u00e1 existiam.\n\n<\/p>\n\n\n\n<p>A pesquisa de produtos ampliou! A primeira vista do <strong>Chef Chic\u00e3o<\/strong> era: \u201cCozinhar \u00e9 ter intimidade com o alimento\u201d.<\/p>\n\n\n\n<h2 class=\"wp-block-heading\">Premia\u00e7\u00e3o<\/h2>\n\n\n\n<p>\n \u200b\n<\/p>\n\n\n\n<p>Surgiram \u2013 e continuam surgindo \u2013 pratos mesti\u00e7os como:\n<\/p>\n\n\n\n<ul class=\"wp-block-list\"><li>o Risoto de Tucupi com costelinha de tambaqui (feito com arroz bomba, o mesmo da paella)<\/li><li>o Macarr\u00e3o de Comitiva (na verdade um fideu\u00e0 com pa\u00e7oca de carne-seca e lingui\u00e7a artesanal)<\/li><li>ou a Galinhada (que embute preparos como a escalivada, para grelhar de defumar os piment\u00f5es).<\/li><\/ul>\n\n\n\n<p>Essa cozinha de autor sem frescura, rendeu o pr\u00eamio de Chef Revela\u00e7\u00e3o, em poucos meses de casa, \u00e9 o que mant\u00e9m a boa toada de cr\u00edticas positivas ao seu restaurante.<\/p>\n\n\n<div class=\"redes-sociais\"><div class=\"sfsi_widget sfsi_shortcode_container\"><div class=\"norm_row sfsi_wDiv \"  style=\"width:225px;text-align:left;\"><div style='width:40px; height:40px;margin-left:5px;margin-bottom:5px; ' class='sfsi_wicons shuffeldiv ' ><div class='inerCnt'><a class=' sficn' data-effect='fade_in' target='_blank'  href='https:\/\/www.facebook.com\/' id='sfsiid_facebook_icon' style='width:40px;height:40px;opacity:0.6;'  ><img data-pin-nopin='true' alt='Facebook' title='Facebook' src='https:\/\/www.shefarol.com.br\/wordpress\/basico\/wp-content\/plugins\/ultimate-social-media-icons\/images\/icons_theme\/default\/default_facebook.png' width='40' height='40' style='' class='sfcm sfsi_wicon ' data-effect='fade_in'   \/><\/a><div class=\"sfsi_tool_tip_2 fb_tool_bdr sfsiTlleft\" style=\"opacity:0;z-index:-1;\" id=\"sfsiid_facebook\"><span class=\"bot_arow bot_fb_arow\"><\/span><div class=\"sfsi_inside\"><div  class='icon1'><a href='https:\/\/www.facebook.com\/' target='_blank'><img data-pin-nopin='true' class='sfsi_wicon' alt='Facebook' title='Facebook' src='https:\/\/www.shefarol.com.br\/wordpress\/basico\/wp-content\/plugins\/ultimate-social-media-icons\/images\/visit_icons\/Visit_us_fb\/icon_Visit_us_en_US.png' \/><\/a><\/div><div  class='icon2'><div class=\"fb-like\" width=\"200\" data-href=\"https:\/\/www.shefarol.com.br\/wordpress\/basico\/o-chef-chicao\/\"  data-send=\"false\" data-layout=\"button_count\" data-action=\"like\"><\/div><\/div><div  class='icon3'><a target='_blank' href='https:\/\/www.facebook.com\/sharer\/sharer.php?u=https%3A%2F%2Fwww.shefarol.com.br%2Fwordpress%2Fbasico%2Fwp-json%2Fwp%2Fv2%2Fpages%2F9' style='display:inline-block;'  > <img class='sfsi_wicon'  data-pin-nopin='true' alt='fb-share-icon' title='Facebook Share' src='https:\/\/www.shefarol.com.br\/wordpress\/basico\/wp-content\/plugins\/ultimate-social-media-icons\/images\/share_icons\/fb_icons\/en_US.svg' \/><\/a><\/div><\/div><\/div><\/div><\/div><div style='width:40px; height:40px;margin-left:5px;margin-bottom:5px; ' class='sfsi_wicons shuffeldiv ' ><div class='inerCnt'><a class=' sficn' data-effect='fade_in' target='_blank'  href='https:\/\/twitter.com\/' id='sfsiid_twitter_icon' style='width:40px;height:40px;opacity:0.6;'  ><img data-pin-nopin='true' alt='Twitter' title='Twitter' src='https:\/\/www.shefarol.com.br\/wordpress\/basico\/wp-content\/plugins\/ultimate-social-media-icons\/images\/icons_theme\/default\/default_twitter.png' width='40' height='40' style='' class='sfcm sfsi_wicon ' data-effect='fade_in'   \/><\/a><div class=\"sfsi_tool_tip_2 twt_tool_bdr sfsiTlleft\" style=\"opacity:0;z-index:-1;\" id=\"sfsiid_twitter\"><span class=\"bot_arow bot_twt_arow\"><\/span><div class=\"sfsi_inside\"><div  class='cstmicon1'><a href='https:\/\/twitter.com\/' target='_blank'><img data-pin-nopin='true' class='sfsi_wicon' alt='Visit Us' title='Visit Us' src='https:\/\/www.shefarol.com.br\/wordpress\/basico\/wp-content\/plugins\/ultimate-social-media-icons\/images\/visit_icons\/Visit_us_twitter\/icon_Visit_us_en_US.png' \/><\/a><\/div><div  class='icon2'><div class='sf_twiter' style='display: inline-block;vertical-align: middle;width: auto;'>\r\n\t\t\t\t\t\t<a target='_blank' href='https:\/\/x.com\/intent\/post?text=Hey%2C+check+out+this+cool+site+I+found%3A+www.yourname.com+%23Topic+via%40my_twitter_name+https%3A%2F%2Fwww.shefarol.com.br%2Fwordpress%2Fbasico%2Fwp-json%2Fwp%2Fv2%2Fpages%2F9' style='display:inline-block' >\r\n\t\t\t\t\t\t\t<img data-pin-nopin= true class='sfsi_wicon' src='https:\/\/www.shefarol.com.br\/wordpress\/basico\/wp-content\/plugins\/ultimate-social-media-icons\/images\/share_icons\/Twitter_Tweet\/en_US_Tweet.svg' alt='Post on X' title='Post on X' >\r\n\t\t\t\t\t\t<\/a>\r\n\t\t\t\t\t<\/div><\/div><\/div><\/div><\/div><\/div><div style='width:40px; height:40px;margin-left:5px;margin-bottom:5px; ' class='sfsi_wicons shuffeldiv ' ><div class='inerCnt'><a class=' sficn' data-effect='fade_in' target='_blank'  href='https:\/\/www.youtube.com\/' id='sfsiid_youtube_icon' style='width:40px;height:40px;opacity:0.6;'  ><img data-pin-nopin='true' alt='YouTube' title='YouTube' src='https:\/\/www.shefarol.com.br\/wordpress\/basico\/wp-content\/plugins\/ultimate-social-media-icons\/images\/icons_theme\/default\/default_youtube.png' width='40' height='40' style='' class='sfcm sfsi_wicon ' data-effect='fade_in'   \/><\/a><\/div><\/div><div style='width:40px; height:40px;margin-left:5px;margin-bottom:5px; ' class='sfsi_wicons shuffeldiv ' ><div class='inerCnt'><a class=' sficn' data-effect='fade_in' target='_blank'  href='https:\/\/br.pinterest.com\/' id='sfsiid_pinterest_icon' style='width:40px;height:40px;opacity:0.6;'  ><img data-pin-nopin='true' alt='Pinterest' title='Pinterest' src='https:\/\/www.shefarol.com.br\/wordpress\/basico\/wp-content\/plugins\/ultimate-social-media-icons\/images\/icons_theme\/default\/default_pinterest.png' width='40' height='40' style='' class='sfcm sfsi_wicon ' data-effect='fade_in'   \/><\/a><\/div><\/div><div style='width:40px; height:40px;margin-left:5px;margin-bottom:5px; ' class='sfsi_wicons shuffeldiv ' ><div class='inerCnt'><a class=' sficn' data-effect='fade_in' target='_blank'  href='https:\/\/www.instagram.com\/?hl=pt-br' id='sfsiid_instagram_icon' style='width:40px;height:40px;opacity:0.6;'  ><img data-pin-nopin='true' alt='Instagram' title='Instagram' src='https:\/\/www.shefarol.com.br\/wordpress\/basico\/wp-content\/plugins\/ultimate-social-media-icons\/images\/icons_theme\/default\/default_instagram.png' width='40' height='40' style='' class='sfcm sfsi_wicon ' data-effect='fade_in'   \/><\/a><\/div><\/div><\/div ><div id=\"sfsi_holder\" class=\"sfsi_holders\" style=\"position: relative; float: left;width:100%;z-index:-1;\"><\/div ><script>window.addEventListener(\"sfsi_functions_loaded\", function()\n\t\t\t{\n\t\t\t\tif (typeof sfsi_widget_set == \"function\") {\n\t\t\t\t\tsfsi_widget_set();\n\t\t\t\t}\n\t\t\t}); <\/script><div style=\"clear: both;\"><\/div><\/div><\/div>\n<p>&nbsp;<\/p>\n\n\n\n<h5 class=\"has-text-align-center wp-block-heading\">Obs.: Imagens usadas apenas para fins educacionais<\/h5>\n","protected":false},"excerpt":{"rendered":"<p>O Chef Chic\u00e3o Em 2006, o Chef Chic\u00e3o abria o restaurante Coma Bem, um restaurante low profile (de pouco detaque), numa esquina an\u00f4nima dos Jardins. O sobradinho da d\u00e9cada de 1940, n\u00e3o respirava d\u00e9cor, mas consequentemente, servia pratos brasileiros de<a class=\"read-more\" href=\"https:\/\/www.shefarol.com.br\/wordpress\/basico\/o-chef-chicao\/\">Ver receita&#8230;<\/a><\/p>\n","protected":false},"author":1,"featured_media":0,"parent":0,"menu_order":0,"comment_status":"closed","ping_status":"closed","template":"page-templates\/page_fullwidth.php","meta":{"footnotes":""},"class_list":["post-9","page","type-page","status-publish","hentry"],"yoast_head":"<!-- This site is optimized with the Yoast SEO plugin v27.4 - https:\/\/yoast.com\/product\/yoast-seo-wordpress\/ -->\n<title>O Chef Chic\u00e3o - Restaurante Coma Bem<\/title>\n<meta name=\"description\" content=\"O chefe Chic\u00e3o \u00e9 o respons\u00e1vel pelo restaurante Coma Bem, um restaurante low profile numa esquina an\u00f4nima dos Jardins. Venha conhecer!\" \/>\n<meta name=\"robots\" content=\"noindex, follow, max-snippet:-1, max-image-preview:large, max-video-preview:-1\" \/>\n<meta property=\"og:locale\" content=\"pt_BR\" \/>\n<meta property=\"og:type\" content=\"article\" \/>\n<meta property=\"og:title\" content=\"O Chef Chic\u00e3o - Restaurante Coma Bem\" \/>\n<meta property=\"og:description\" content=\"O chefe Chic\u00e3o \u00e9 o respons\u00e1vel pelo restaurante Coma Bem, um restaurante low profile numa esquina an\u00f4nima dos Jardins. Venha conhecer!\" \/>\n<meta property=\"og:url\" content=\"https:\/\/www.shefarol.com.br\/wordpress\/basico\/o-chef-chicao\/\" \/>\n<meta property=\"og:site_name\" content=\"Restaurante Coma Bem\" \/>\n<meta property=\"article:modified_time\" content=\"2022-03-25T20:33:18+00:00\" \/>\n<meta property=\"og:image\" content=\"https:\/\/www.shefarol.com.br\/wordpress\/basico\/wp-content\/uploads\/2019\/02\/chicao.jpg\" \/>\n<meta name=\"twitter:card\" content=\"summary_large_image\" \/>\n<meta name=\"twitter:label1\" content=\"Est. tempo de leitura\" \/>\n\t<meta name=\"twitter:data1\" content=\"2 minutos\" \/>\n<script type=\"application\/ld+json\" class=\"yoast-schema-graph\">{\"@context\":\"https:\\\/\\\/schema.org\",\"@graph\":[{\"@type\":\"WebPage\",\"@id\":\"https:\\\/\\\/www.shefarol.com.br\\\/wordpress\\\/basico\\\/o-chef-chicao\\\/\",\"url\":\"https:\\\/\\\/www.shefarol.com.br\\\/wordpress\\\/basico\\\/o-chef-chicao\\\/\",\"name\":\"O Chef Chic\u00e3o - Restaurante Coma Bem\",\"isPartOf\":{\"@id\":\"https:\\\/\\\/www.shefarol.com.br\\\/wordpress\\\/basico\\\/#website\"},\"primaryImageOfPage\":{\"@id\":\"https:\\\/\\\/www.shefarol.com.br\\\/wordpress\\\/basico\\\/o-chef-chicao\\\/#primaryimage\"},\"image\":{\"@id\":\"https:\\\/\\\/www.shefarol.com.br\\\/wordpress\\\/basico\\\/o-chef-chicao\\\/#primaryimage\"},\"thumbnailUrl\":\"https:\\\/\\\/www.shefarol.com.br\\\/wordpress\\\/basico\\\/wp-content\\\/uploads\\\/2019\\\/02\\\/chicao.jpg\",\"datePublished\":\"2019-02-19T20:38:59+00:00\",\"dateModified\":\"2022-03-25T20:33:18+00:00\",\"description\":\"O chefe Chic\u00e3o \u00e9 o respons\u00e1vel pelo restaurante Coma Bem, um restaurante low profile numa esquina an\u00f4nima dos Jardins. Venha conhecer!\",\"breadcrumb\":{\"@id\":\"https:\\\/\\\/www.shefarol.com.br\\\/wordpress\\\/basico\\\/o-chef-chicao\\\/#breadcrumb\"},\"inLanguage\":\"pt-BR\",\"potentialAction\":[{\"@type\":\"ReadAction\",\"target\":[\"https:\\\/\\\/www.shefarol.com.br\\\/wordpress\\\/basico\\\/o-chef-chicao\\\/\"]}]},{\"@type\":\"ImageObject\",\"inLanguage\":\"pt-BR\",\"@id\":\"https:\\\/\\\/www.shefarol.com.br\\\/wordpress\\\/basico\\\/o-chef-chicao\\\/#primaryimage\",\"url\":\"https:\\\/\\\/www.shefarol.com.br\\\/wordpress\\\/basico\\\/wp-content\\\/uploads\\\/2019\\\/02\\\/chicao.jpg\",\"contentUrl\":\"https:\\\/\\\/www.shefarol.com.br\\\/wordpress\\\/basico\\\/wp-content\\\/uploads\\\/2019\\\/02\\\/chicao.jpg\",\"width\":385,\"height\":443,\"caption\":\"O Chef Chic\u00e3o\"},{\"@type\":\"BreadcrumbList\",\"@id\":\"https:\\\/\\\/www.shefarol.com.br\\\/wordpress\\\/basico\\\/o-chef-chicao\\\/#breadcrumb\",\"itemListElement\":[{\"@type\":\"ListItem\",\"position\":1,\"name\":\"In\u00edcio\",\"item\":\"https:\\\/\\\/www.shefarol.com.br\\\/wordpress\\\/basico\\\/\"},{\"@type\":\"ListItem\",\"position\":2,\"name\":\"O Chef Chic\u00e3o\"}]},{\"@type\":\"WebSite\",\"@id\":\"https:\\\/\\\/www.shefarol.com.br\\\/wordpress\\\/basico\\\/#website\",\"url\":\"https:\\\/\\\/www.shefarol.com.br\\\/wordpress\\\/basico\\\/\",\"name\":\"Restaurante Coma Bem\",\"description\":\"Site desenvolvido para fins educacionais no curso de T\u00e9cnico em Inform\u00e1tica\",\"publisher\":{\"@id\":\"https:\\\/\\\/www.shefarol.com.br\\\/wordpress\\\/basico\\\/#organization\"},\"potentialAction\":[{\"@type\":\"SearchAction\",\"target\":{\"@type\":\"EntryPoint\",\"urlTemplate\":\"https:\\\/\\\/www.shefarol.com.br\\\/wordpress\\\/basico\\\/?s={search_term_string}\"},\"query-input\":{\"@type\":\"PropertyValueSpecification\",\"valueRequired\":true,\"valueName\":\"search_term_string\"}}],\"inLanguage\":\"pt-BR\"},{\"@type\":\"Organization\",\"@id\":\"https:\\\/\\\/www.shefarol.com.br\\\/wordpress\\\/basico\\\/#organization\",\"name\":\"Restaurante Coma Bem - Projeto aula\",\"url\":\"https:\\\/\\\/www.shefarol.com.br\\\/wordpress\\\/basico\\\/\",\"logo\":{\"@type\":\"ImageObject\",\"inLanguage\":\"pt-BR\",\"@id\":\"https:\\\/\\\/www.shefarol.com.br\\\/wordpress\\\/basico\\\/#\\\/schema\\\/logo\\\/image\\\/\",\"url\":\"https:\\\/\\\/www.shefarol.com.br\\\/wordpress\\\/basico\\\/wp-content\\\/uploads\\\/2019\\\/02\\\/logo.png\",\"contentUrl\":\"https:\\\/\\\/www.shefarol.com.br\\\/wordpress\\\/basico\\\/wp-content\\\/uploads\\\/2019\\\/02\\\/logo.png\",\"width\":150,\"height\":150,\"caption\":\"Restaurante Coma Bem - Projeto aula\"},\"image\":{\"@id\":\"https:\\\/\\\/www.shefarol.com.br\\\/wordpress\\\/basico\\\/#\\\/schema\\\/logo\\\/image\\\/\"}}]}<\/script>\n<!-- \/ Yoast SEO plugin. -->","yoast_head_json":{"title":"O Chef Chic\u00e3o - Restaurante Coma Bem","description":"O chefe Chic\u00e3o \u00e9 o respons\u00e1vel pelo restaurante Coma Bem, um restaurante low profile numa esquina an\u00f4nima dos Jardins. Venha conhecer!","robots":{"index":"noindex","follow":"follow","max-snippet":"max-snippet:-1","max-image-preview":"max-image-preview:large","max-video-preview":"max-video-preview:-1"},"og_locale":"pt_BR","og_type":"article","og_title":"O Chef Chic\u00e3o - Restaurante Coma Bem","og_description":"O chefe Chic\u00e3o \u00e9 o respons\u00e1vel pelo restaurante Coma Bem, um restaurante low profile numa esquina an\u00f4nima dos Jardins. Venha conhecer!","og_url":"https:\/\/www.shefarol.com.br\/wordpress\/basico\/o-chef-chicao\/","og_site_name":"Restaurante Coma Bem","article_modified_time":"2022-03-25T20:33:18+00:00","og_image":[{"url":"https:\/\/www.shefarol.com.br\/wordpress\/basico\/wp-content\/uploads\/2019\/02\/chicao.jpg","type":"","width":"","height":""}],"twitter_card":"summary_large_image","twitter_misc":{"Est. tempo de leitura":"2 minutos"},"schema":{"@context":"https:\/\/schema.org","@graph":[{"@type":"WebPage","@id":"https:\/\/www.shefarol.com.br\/wordpress\/basico\/o-chef-chicao\/","url":"https:\/\/www.shefarol.com.br\/wordpress\/basico\/o-chef-chicao\/","name":"O Chef Chic\u00e3o - Restaurante Coma Bem","isPartOf":{"@id":"https:\/\/www.shefarol.com.br\/wordpress\/basico\/#website"},"primaryImageOfPage":{"@id":"https:\/\/www.shefarol.com.br\/wordpress\/basico\/o-chef-chicao\/#primaryimage"},"image":{"@id":"https:\/\/www.shefarol.com.br\/wordpress\/basico\/o-chef-chicao\/#primaryimage"},"thumbnailUrl":"https:\/\/www.shefarol.com.br\/wordpress\/basico\/wp-content\/uploads\/2019\/02\/chicao.jpg","datePublished":"2019-02-19T20:38:59+00:00","dateModified":"2022-03-25T20:33:18+00:00","description":"O chefe Chic\u00e3o \u00e9 o respons\u00e1vel pelo restaurante Coma Bem, um restaurante low profile numa esquina an\u00f4nima dos Jardins. Venha conhecer!","breadcrumb":{"@id":"https:\/\/www.shefarol.com.br\/wordpress\/basico\/o-chef-chicao\/#breadcrumb"},"inLanguage":"pt-BR","potentialAction":[{"@type":"ReadAction","target":["https:\/\/www.shefarol.com.br\/wordpress\/basico\/o-chef-chicao\/"]}]},{"@type":"ImageObject","inLanguage":"pt-BR","@id":"https:\/\/www.shefarol.com.br\/wordpress\/basico\/o-chef-chicao\/#primaryimage","url":"https:\/\/www.shefarol.com.br\/wordpress\/basico\/wp-content\/uploads\/2019\/02\/chicao.jpg","contentUrl":"https:\/\/www.shefarol.com.br\/wordpress\/basico\/wp-content\/uploads\/2019\/02\/chicao.jpg","width":385,"height":443,"caption":"O Chef Chic\u00e3o"},{"@type":"BreadcrumbList","@id":"https:\/\/www.shefarol.com.br\/wordpress\/basico\/o-chef-chicao\/#breadcrumb","itemListElement":[{"@type":"ListItem","position":1,"name":"In\u00edcio","item":"https:\/\/www.shefarol.com.br\/wordpress\/basico\/"},{"@type":"ListItem","position":2,"name":"O Chef Chic\u00e3o"}]},{"@type":"WebSite","@id":"https:\/\/www.shefarol.com.br\/wordpress\/basico\/#website","url":"https:\/\/www.shefarol.com.br\/wordpress\/basico\/","name":"Restaurante Coma Bem","description":"Site desenvolvido para fins educacionais no curso de T\u00e9cnico em Inform\u00e1tica","publisher":{"@id":"https:\/\/www.shefarol.com.br\/wordpress\/basico\/#organization"},"potentialAction":[{"@type":"SearchAction","target":{"@type":"EntryPoint","urlTemplate":"https:\/\/www.shefarol.com.br\/wordpress\/basico\/?s={search_term_string}"},"query-input":{"@type":"PropertyValueSpecification","valueRequired":true,"valueName":"search_term_string"}}],"inLanguage":"pt-BR"},{"@type":"Organization","@id":"https:\/\/www.shefarol.com.br\/wordpress\/basico\/#organization","name":"Restaurante Coma Bem - Projeto aula","url":"https:\/\/www.shefarol.com.br\/wordpress\/basico\/","logo":{"@type":"ImageObject","inLanguage":"pt-BR","@id":"https:\/\/www.shefarol.com.br\/wordpress\/basico\/#\/schema\/logo\/image\/","url":"https:\/\/www.shefarol.com.br\/wordpress\/basico\/wp-content\/uploads\/2019\/02\/logo.png","contentUrl":"https:\/\/www.shefarol.com.br\/wordpress\/basico\/wp-content\/uploads\/2019\/02\/logo.png","width":150,"height":150,"caption":"Restaurante Coma Bem - Projeto aula"},"image":{"@id":"https:\/\/www.shefarol.com.br\/wordpress\/basico\/#\/schema\/logo\/image\/"}}]}},"_links":{"self":[{"href":"https:\/\/www.shefarol.com.br\/wordpress\/basico\/wp-json\/wp\/v2\/pages\/9","targetHints":{"allow":["GET"]}}],"collection":[{"href":"https:\/\/www.shefarol.com.br\/wordpress\/basico\/wp-json\/wp\/v2\/pages"}],"about":[{"href":"https:\/\/www.shefarol.com.br\/wordpress\/basico\/wp-json\/wp\/v2\/types\/page"}],"author":[{"embeddable":true,"href":"https:\/\/www.shefarol.com.br\/wordpress\/basico\/wp-json\/wp\/v2\/users\/1"}],"replies":[{"embeddable":true,"href":"https:\/\/www.shefarol.com.br\/wordpress\/basico\/wp-json\/wp\/v2\/comments?post=9"}],"version-history":[{"count":52,"href":"https:\/\/www.shefarol.com.br\/wordpress\/basico\/wp-json\/wp\/v2\/pages\/9\/revisions"}],"predecessor-version":[{"id":816,"href":"https:\/\/www.shefarol.com.br\/wordpress\/basico\/wp-json\/wp\/v2\/pages\/9\/revisions\/816"}],"wp:attachment":[{"href":"https:\/\/www.shefarol.com.br\/wordpress\/basico\/wp-json\/wp\/v2\/media?parent=9"}],"curies":[{"name":"wp","href":"https:\/\/api.w.org\/{rel}","templated":true}]}}